{"id":1911,"date":"2023-05-22T13:57:54","date_gmt":"2023-05-22T11:57:54","guid":{"rendered":"https:\/\/avalex.de\/blog\/?page_id=1911"},"modified":"2023-05-22T13:57:54","modified_gmt":"2023-05-22T11:57:54","slug":"sonstige","status":"publish","type":"page","link":"https:\/\/avalex.de\/blog\/support\/sonstige\/","title":{"rendered":"Sonstige Websitesysteme"},"content":{"rendered":"<div class=\"fusion-fullwidth fullwidth-box fusion-builder-row-1 fusion-flex-container nonhundred-percent-fullwidth non-hundred-percent-height-scrolling\" style=\"--awb-border-radius-top-left:0px;--awb-border-radius-top-right:0px;--awb-border-radius-bottom-right:0px;--awb-border-radius-bottom-left:0px;--awb-flex-wrap:wrap;\" ><div class=\"fusion-builder-row fusion-row fusion-flex-align-items-flex-start fusion-flex-content-wrap\" style=\"max-width:104%;margin-left: calc(-4% \/ 2 );margin-right: calc(-4% \/ 2 );\"><div class=\"fusion-layout-column fusion_builder_column fusion-builder-column-0 fusion_builder_column_1_1 1_1 fusion-flex-column\" style=\"--awb-bg-size:cover;--awb-width-large:100%;--awb-margin-top-large:0px;--awb-spacing-right-large:1.92%;--awb-margin-bottom-large:20px;--awb-spacing-left-large:1.92%;--awb-width-medium:100%;--awb-order-medium:0;--awb-spacing-right-medium:1.92%;--awb-spacing-left-medium:1.92%;--awb-width-small:100%;--awb-order-small:0;--awb-spacing-right-small:1.92%;--awb-spacing-left-small:1.92%;\"><div class=\"fusion-column-wrapper fusion-column-has-shadow fusion-flex-justify-content-flex-start fusion-content-layout-column\"><div class=\"accordian fusion-accordian content-switcher-accordion\" style=\"--awb-border-size:0px;--awb-icon-size:28px;--awb-content-font-size:18px;--awb-icon-alignment:right;--awb-hover-color:#ffffff;--awb-border-color:#cccccc;--awb-background-color:#ffffff;--awb-divider-color:#e0dede;--awb-divider-hover-color:#e0dede;--awb-icon-color:#2b9eea;--awb-title-color:#000000;--awb-content-color:#000000;--awb-icon-box-color:#2b9eea;--awb-toggle-hover-accent-color:#000000;--awb-toggle-active-accent-color:#000000;--awb-title-font-family:&quot;Moderat&quot;;--awb-title-font-weight:400;--awb-title-font-style:normal;--awb-title-font-size:21px;--awb-content-font-family:&quot;Moderat&quot;;--awb-content-font-style:normal;--awb-content-font-weight:400;\"><div class=\"panel-group fusion-toggle-icon-right fusion-toggle-icon-unboxed\" id=\"accordion-1911-1\"><div class=\"fusion-panel panel-default content-switcher panel-acf053ecbe654e5f5 fusion-toggle-no-divider fusion-toggle-boxed-mode\" style=\"--awb-content-font-size:18px;--awb-content-font-family:&quot;ModeratLight&quot;;--awb-content-font-style:normal;--awb-content-font-weight:400;--awb-title-font-family:&quot;Moderat&quot;;--awb-title-font-weight:400;--awb-title-font-style:normal;--awb-title-font-size:21px;--awb-title-color:#06102b;--awb-content-color:#06102b;\" id=\"help-54\"><div class=\"panel-heading\"><h4 class=\"panel-title toggle\" id=\"toggle_acf053ecbe654e5f5\"><a aria-expanded=\"false\" aria-controls=\"acf053ecbe654e5f5\" role=\"button\" data-toggle=\"collapse\" data-parent=\"#accordion-1911-1\" data-target=\"#acf053ecbe654e5f5\" href=\"#acf053ecbe654e5f5\"><span class=\"fusion-toggle-icon-wrapper\" aria-hidden=\"true\"><i class=\"fa-fusion-box active-icon fa-minus-circle fas\" aria-hidden=\"true\"><\/i><i class=\"fa-fusion-box inactive-icon fa-plus-circle fas\" aria-hidden=\"true\"><\/i><\/span><span class=\"fusion-toggle-heading\">Warnung: Die avalex Lizenz ist abgelaufen.<\/span><\/a><\/h4><\/div><div id=\"acf053ecbe654e5f5\" class=\"panel-collapse collapse \" aria-labelledby=\"toggle_acf053ecbe654e5f5\"><div class=\"panel-body toggle-content fusion-clearfix\">\n<p>Die avalex Lizenz f\u00fcr die Domain ist abgelaufen, z.B. wegen K\u00fcndigung.<\/p>\n<h3>L\u00f6sung<\/h3>\n<ol>\n<li>Erwerben Sie eine neue avalex Lizenz f\u00fcr die Domain gem\u00e4\u00df nachfolgender Beschreibung.<\/li>\n<li>Loggen Sie sich in Ihr <a href=\"https:\/\/avalex.de\/users\/login\">avalex Kundenkonto<\/a> ein.<\/li>\n<li>Pr\u00fcfen Sie die hinterlegten <a href=\"https:\/\/www.avalex.de\/companies\/edit\" target=\"_blank\" rel=\"noopener\">Rechnungsdaten<\/a> und <a href=\"https:\/\/www.avalex.de\/users\/change_payment\" target=\"_blank\" rel=\"noopener\">Zahlungsinformationen<\/a>.<\/li>\n<li>Klicken Sie auf der <a href=\"https:\/\/avalex.de\/users\" target=\"_blank\" rel=\"noopener\">Startseite des avalex Kundenkontos<\/a> auf den <strong>Button &#8222;weitere Domain hinzuf\u00fcgen&#8220;<\/strong>.<\/li>\n<li>Erwerben Sie eine neue avalex Lizenz f\u00fcr Ihre Domain.<\/li>\n<li>Durchlaufen Sie das avalex Setup. Beachten Sie, dass keine automatische Daten\u00fcbernahme m\u00f6glich ist.<\/li>\n<\/ol>\n<\/div><\/div><\/div><div class=\"fusion-panel panel-default content-switcher panel-c7ef94a04fb303175 fusion-toggle-no-divider fusion-toggle-boxed-mode\" style=\"--awb-content-font-size:18px;--awb-content-font-family:&quot;ModeratLight&quot;;--awb-content-font-style:normal;--awb-content-font-weight:400;--awb-title-font-family:&quot;Moderat&quot;;--awb-title-font-weight:400;--awb-title-font-style:normal;--awb-title-font-size:21px;--awb-title-color:#06102b;--awb-content-color:#06102b;\" id=\"help-10\"><div class=\"panel-heading\"><h4 class=\"panel-title toggle\" id=\"toggle_c7ef94a04fb303175\"><a aria-expanded=\"false\" aria-controls=\"c7ef94a04fb303175\" role=\"button\" data-toggle=\"collapse\" data-parent=\"#accordion-1911-1\" data-target=\"#c7ef94a04fb303175\" href=\"#c7ef94a04fb303175\"><span class=\"fusion-toggle-icon-wrapper\" aria-hidden=\"true\"><i class=\"fa-fusion-box active-icon fa-minus-circle fas\" aria-hidden=\"true\"><\/i><i class=\"fa-fusion-box inactive-icon fa-plus-circle fas\" aria-hidden=\"true\"><\/i><\/span><span class=\"fusion-toggle-heading\">Warnung: avalex Rechtstexte werden nach Vertragsende unberechtigt weiter benutzt.<\/span><\/a><\/h4><\/div><div id=\"c7ef94a04fb303175\" class=\"panel-collapse collapse \" aria-labelledby=\"toggle_c7ef94a04fb303175\"><div class=\"panel-body toggle-content fusion-clearfix\">\n<p>Mit Vertragsende f\u00e4llt das Recht zur Nutzung der avalex Rechtstexte gem\u00e4\u00df unserer <a href=\"https:\/\/www.avalex.de\/agb#vertragsbeendingung-2\" target=\"_blank\" rel=\"noopener\">Allgemeinen Gesch\u00e4ftsbedingungen<\/a> weg. Jede weitere Nutzung ist dann untersagt. Eine Weiternutzung der avalex Rechtstexte nach Vertragsende verletzt den mit uns geschlossenen Vertrag sowie unsere Urheberrechte.<\/p>\n<h2>L\u00f6sung<\/h2>\n<ol>\n<li>Erwerben Sie eine neue avalex Lizenz oder entfernen Sie die avalex Rechtstexte umgehend von Ihrer Internetseite.<\/li>\n<li>Eine gek\u00fcndigte Domain kann nach Vertragsende nicht wieder aktiviert werden, es muss eine neue avalex Lizenz erworben werden.\n<ul>\n<li>Loggen Sie in Ihr <a href=\"https:\/\/www.avalex.de\/users\/login\" target=\"_blank\" rel=\"noopener\">avalex Kundenkonto<\/a> ein.<\/li>\n<li>Pr\u00fcfen Sie, ob im Konto aktuelle <a href=\"https:\/\/www.avalex.de\/users\/change_payment\" target=\"_blank\" rel=\"noopener\">Zahlungsinformationen<\/a> und <a href=\"https:\/\/www.avalex.de\/companies\/edit\" target=\"_blank\" rel=\"noopener\">Rechnungsinformationen<\/a>\u00a0hinterlegt sind.<\/li>\n<li>Rufen Sie die \u00dcbersicht &#8222;<a href=\"https:\/\/www.avalex.de\/users\" target=\"_blank\" rel=\"noopener\">Meine Domains<\/a>&#8220; auf.<\/li>\n<li>Klicken Sie dort auf den Button &#8222;weitere Domain hinzuf\u00fcgen&#8220; und folgen Sie dem Bestellvorgang bis zum Kauf.<\/li>\n<li>Durchlaufen Sie die avalex Konfiguration auf gewohnte Weise.<\/li>\n<\/ul>\n<\/li>\n<\/ol>\n<\/div><\/div><\/div><\/div><\/div><\/div><\/div><\/div><\/div>\n","protected":false},"excerpt":{"rendered":"","protected":false},"author":2,"featured_media":1912,"parent":1146,"menu_order":0,"comment_status":"closed","ping_status":"closed","template":"","meta":{"_lmt_disableupdate":"","_lmt_disable":"","footnotes":""},"class_list":["post-1911","page","type-page","status-publish","has-post-thumbnail","hentry"],"yoast_head":"<!-- This site is optimized with the Yoast SEO plugin v27.5 - https:\/\/yoast.com\/product\/yoast-seo-wordpress\/ -->\n<title>Sonstige Websitesysteme: Hilfe bei technischen Fehlern<\/title>\n<meta name=\"description\" content=\"avalex Rechtstexte: So beheben Sie technische Fehler auf einer Internetpr\u00e4senz, bei der avalex Ihre Rechtstexte hosted.\" \/>\n<meta name=\"robots\" content=\"noindex, follow\" \/>\n<meta property=\"og:locale\" content=\"de_DE\" \/>\n<meta property=\"og:type\" content=\"article\" \/>\n<meta property=\"og:title\" content=\"Sonstige Websitesysteme: Hilfe bei technischen Fehlern\" \/>\n<meta property=\"og:description\" content=\"avalex Rechtstexte: So beheben Sie technische Fehler auf einer Internetpr\u00e4senz, bei der avalex Ihre Rechtstexte hosted.\" \/>\n<meta property=\"og:url\" content=\"https:\/\/avalex.de\/blog\/support\/sonstige\/\" \/>\n<meta property=\"og:site_name\" content=\"avalex\" \/>\n<meta property=\"article:publisher\" content=\"https:\/\/www.facebook.com\/avalex.de\/\" \/>\n<meta property=\"og:image\" content=\"https:\/\/avalex.de\/blog\/wp-content\/uploads\/2023\/05\/avalex-sonstige.png\" \/>\n\t<meta property=\"og:image:width\" content=\"1200\" \/>\n\t<meta property=\"og:image:height\" content=\"630\" \/>\n\t<meta property=\"og:image:type\" content=\"image\/png\" \/>\n<meta name=\"twitter:card\" content=\"summary_large_image\" \/>\n<meta name=\"twitter:site\" content=\"@avalex_de\" \/>\n<meta name=\"twitter:label1\" content=\"Gesch\u00e4tzte Lesezeit\" \/>\n\t<meta name=\"twitter:data1\" content=\"3\u00a0Minuten\" \/>\n<script type=\"application\/ld+json\" class=\"yoast-schema-graph\">{\"@context\":\"https:\\\/\\\/schema.org\",\"@graph\":[{\"@type\":\"WebPage\",\"@id\":\"https:\\\/\\\/avalex.de\\\/blog\\\/support\\\/sonstige\\\/\",\"url\":\"https:\\\/\\\/avalex.de\\\/blog\\\/support\\\/sonstige\\\/\",\"name\":\"Sonstige Websitesysteme: Hilfe bei technischen Fehlern\",\"isPartOf\":{\"@id\":\"https:\\\/\\\/avalex.de\\\/blog\\\/#website\"},\"primaryImageOfPage\":{\"@id\":\"https:\\\/\\\/avalex.de\\\/blog\\\/support\\\/sonstige\\\/#primaryimage\"},\"image\":{\"@id\":\"https:\\\/\\\/avalex.de\\\/blog\\\/support\\\/sonstige\\\/#primaryimage\"},\"thumbnailUrl\":\"https:\\\/\\\/avalex.de\\\/blog\\\/wp-content\\\/uploads\\\/2023\\\/05\\\/avalex-sonstige.png\",\"datePublished\":\"2023-05-22T11:57:54+00:00\",\"description\":\"avalex Rechtstexte: So beheben Sie technische Fehler auf einer Internetpr\u00e4senz, bei der avalex Ihre Rechtstexte hosted.\",\"breadcrumb\":{\"@id\":\"https:\\\/\\\/avalex.de\\\/blog\\\/support\\\/sonstige\\\/#breadcrumb\"},\"inLanguage\":\"de\",\"potentialAction\":[{\"@type\":\"ReadAction\",\"target\":[\"https:\\\/\\\/avalex.de\\\/blog\\\/support\\\/sonstige\\\/\"]}]},{\"@type\":\"ImageObject\",\"inLanguage\":\"de\",\"@id\":\"https:\\\/\\\/avalex.de\\\/blog\\\/support\\\/sonstige\\\/#primaryimage\",\"url\":\"https:\\\/\\\/avalex.de\\\/blog\\\/wp-content\\\/uploads\\\/2023\\\/05\\\/avalex-sonstige.png\",\"contentUrl\":\"https:\\\/\\\/avalex.de\\\/blog\\\/wp-content\\\/uploads\\\/2023\\\/05\\\/avalex-sonstige.png\",\"width\":1200,\"height\":630,\"caption\":\"avalex sonstige websitesysteme\"},{\"@type\":\"BreadcrumbList\",\"@id\":\"https:\\\/\\\/avalex.de\\\/blog\\\/support\\\/sonstige\\\/#breadcrumb\",\"itemListElement\":[{\"@type\":\"ListItem\",\"position\":1,\"name\":\"Home\",\"item\":\"https:\\\/\\\/avalex.de\\\/blog\\\/\"},{\"@type\":\"ListItem\",\"position\":2,\"name\":\"Support\",\"item\":\"https:\\\/\\\/avalex.de\\\/blog\\\/support\\\/\"},{\"@type\":\"ListItem\",\"position\":3,\"name\":\"Sonstige Websitesysteme\"}]},{\"@type\":\"WebSite\",\"@id\":\"https:\\\/\\\/avalex.de\\\/blog\\\/#website\",\"url\":\"https:\\\/\\\/avalex.de\\\/blog\\\/\",\"name\":\"avalex\",\"description\":\"Automatisch sichere Rechtstexte\",\"publisher\":{\"@id\":\"https:\\\/\\\/avalex.de\\\/blog\\\/#organization\"},\"potentialAction\":[{\"@type\":\"SearchAction\",\"target\":{\"@type\":\"EntryPoint\",\"urlTemplate\":\"https:\\\/\\\/avalex.de\\\/blog\\\/?s={search_term_string}\"},\"query-input\":{\"@type\":\"PropertyValueSpecification\",\"valueRequired\":true,\"valueName\":\"search_term_string\"}}],\"inLanguage\":\"de\"},{\"@type\":\"Organization\",\"@id\":\"https:\\\/\\\/avalex.de\\\/blog\\\/#organization\",\"name\":\"avalex GmbH\",\"alternateName\":\"avalex\",\"url\":\"https:\\\/\\\/avalex.de\\\/blog\\\/\",\"logo\":{\"@type\":\"ImageObject\",\"inLanguage\":\"de\",\"@id\":\"https:\\\/\\\/avalex.de\\\/blog\\\/#\\\/schema\\\/logo\\\/image\\\/\",\"url\":\"https:\\\/\\\/avalex.de\\\/blog\\\/wp-content\\\/uploads\\\/2022\\\/02\\\/avalex-favicon-167px.png\",\"contentUrl\":\"https:\\\/\\\/avalex.de\\\/blog\\\/wp-content\\\/uploads\\\/2022\\\/02\\\/avalex-favicon-167px.png\",\"width\":167,\"height\":167,\"caption\":\"avalex GmbH\"},\"image\":{\"@id\":\"https:\\\/\\\/avalex.de\\\/blog\\\/#\\\/schema\\\/logo\\\/image\\\/\"},\"sameAs\":[\"https:\\\/\\\/www.facebook.com\\\/avalex.de\\\/\",\"https:\\\/\\\/x.com\\\/avalex_de\"]}]}<\/script>\n<!-- \/ Yoast SEO plugin. -->","yoast_head_json":{"title":"Sonstige Websitesysteme: Hilfe bei technischen Fehlern","description":"avalex Rechtstexte: So beheben Sie technische Fehler auf einer Internetpr\u00e4senz, bei der avalex Ihre Rechtstexte hosted.","robots":{"index":"noindex","follow":"follow"},"og_locale":"de_DE","og_type":"article","og_title":"Sonstige Websitesysteme: Hilfe bei technischen Fehlern","og_description":"avalex Rechtstexte: So beheben Sie technische Fehler auf einer Internetpr\u00e4senz, bei der avalex Ihre Rechtstexte hosted.","og_url":"https:\/\/avalex.de\/blog\/support\/sonstige\/","og_site_name":"avalex","article_publisher":"https:\/\/www.facebook.com\/avalex.de\/","og_image":[{"width":1200,"height":630,"url":"https:\/\/avalex.de\/blog\/wp-content\/uploads\/2023\/05\/avalex-sonstige.png","type":"image\/png"}],"twitter_card":"summary_large_image","twitter_site":"@avalex_de","twitter_misc":{"Gesch\u00e4tzte Lesezeit":"3\u00a0Minuten"},"schema":{"@context":"https:\/\/schema.org","@graph":[{"@type":"WebPage","@id":"https:\/\/avalex.de\/blog\/support\/sonstige\/","url":"https:\/\/avalex.de\/blog\/support\/sonstige\/","name":"Sonstige Websitesysteme: Hilfe bei technischen Fehlern","isPartOf":{"@id":"https:\/\/avalex.de\/blog\/#website"},"primaryImageOfPage":{"@id":"https:\/\/avalex.de\/blog\/support\/sonstige\/#primaryimage"},"image":{"@id":"https:\/\/avalex.de\/blog\/support\/sonstige\/#primaryimage"},"thumbnailUrl":"https:\/\/avalex.de\/blog\/wp-content\/uploads\/2023\/05\/avalex-sonstige.png","datePublished":"2023-05-22T11:57:54+00:00","description":"avalex Rechtstexte: So beheben Sie technische Fehler auf einer Internetpr\u00e4senz, bei der avalex Ihre Rechtstexte hosted.","breadcrumb":{"@id":"https:\/\/avalex.de\/blog\/support\/sonstige\/#breadcrumb"},"inLanguage":"de","potentialAction":[{"@type":"ReadAction","target":["https:\/\/avalex.de\/blog\/support\/sonstige\/"]}]},{"@type":"ImageObject","inLanguage":"de","@id":"https:\/\/avalex.de\/blog\/support\/sonstige\/#primaryimage","url":"https:\/\/avalex.de\/blog\/wp-content\/uploads\/2023\/05\/avalex-sonstige.png","contentUrl":"https:\/\/avalex.de\/blog\/wp-content\/uploads\/2023\/05\/avalex-sonstige.png","width":1200,"height":630,"caption":"avalex sonstige websitesysteme"},{"@type":"BreadcrumbList","@id":"https:\/\/avalex.de\/blog\/support\/sonstige\/#breadcrumb","itemListElement":[{"@type":"ListItem","position":1,"name":"Home","item":"https:\/\/avalex.de\/blog\/"},{"@type":"ListItem","position":2,"name":"Support","item":"https:\/\/avalex.de\/blog\/support\/"},{"@type":"ListItem","position":3,"name":"Sonstige Websitesysteme"}]},{"@type":"WebSite","@id":"https:\/\/avalex.de\/blog\/#website","url":"https:\/\/avalex.de\/blog\/","name":"avalex","description":"Automatisch sichere Rechtstexte","publisher":{"@id":"https:\/\/avalex.de\/blog\/#organization"},"potentialAction":[{"@type":"SearchAction","target":{"@type":"EntryPoint","urlTemplate":"https:\/\/avalex.de\/blog\/?s={search_term_string}"},"query-input":{"@type":"PropertyValueSpecification","valueRequired":true,"valueName":"search_term_string"}}],"inLanguage":"de"},{"@type":"Organization","@id":"https:\/\/avalex.de\/blog\/#organization","name":"avalex GmbH","alternateName":"avalex","url":"https:\/\/avalex.de\/blog\/","logo":{"@type":"ImageObject","inLanguage":"de","@id":"https:\/\/avalex.de\/blog\/#\/schema\/logo\/image\/","url":"https:\/\/avalex.de\/blog\/wp-content\/uploads\/2022\/02\/avalex-favicon-167px.png","contentUrl":"https:\/\/avalex.de\/blog\/wp-content\/uploads\/2022\/02\/avalex-favicon-167px.png","width":167,"height":167,"caption":"avalex GmbH"},"image":{"@id":"https:\/\/avalex.de\/blog\/#\/schema\/logo\/image\/"},"sameAs":["https:\/\/www.facebook.com\/avalex.de\/","https:\/\/x.com\/avalex_de"]}]}},"yoast_description":"avalex Rechtstexte: So beheben Sie technische Fehler auf einer Internetpr\u00e4senz, bei der avalex Ihre Rechtstexte hosted.","yoast_keyword":"Sonstige","_links":{"self":[{"href":"https:\/\/avalex.de\/blog\/wp-json\/wp\/v2\/pages\/1911","targetHints":{"allow":["GET"]}}],"collection":[{"href":"https:\/\/avalex.de\/blog\/wp-json\/wp\/v2\/pages"}],"about":[{"href":"https:\/\/avalex.de\/blog\/wp-json\/wp\/v2\/types\/page"}],"author":[{"embeddable":true,"href":"https:\/\/avalex.de\/blog\/wp-json\/wp\/v2\/users\/2"}],"replies":[{"embeddable":true,"href":"https:\/\/avalex.de\/blog\/wp-json\/wp\/v2\/comments?post=1911"}],"version-history":[{"count":0,"href":"https:\/\/avalex.de\/blog\/wp-json\/wp\/v2\/pages\/1911\/revisions"}],"up":[{"embeddable":true,"href":"https:\/\/avalex.de\/blog\/wp-json\/wp\/v2\/pages\/1146"}],"wp:featuredmedia":[{"embeddable":true,"href":"https:\/\/avalex.de\/blog\/wp-json\/wp\/v2\/media\/1912"}],"wp:attachment":[{"href":"https:\/\/avalex.de\/blog\/wp-json\/wp\/v2\/media?parent=1911"}],"curies":[{"name":"wp","href":"https:\/\/api.w.org\/{rel}","templated":true}]}}