{"id":4303,"date":"2025-04-08T16:26:58","date_gmt":"2025-04-08T14:26:58","guid":{"rendered":"https:\/\/avalex.de\/blog\/dienste-klick-tipp\/"},"modified":"2025-04-29T19:05:48","modified_gmt":"2025-04-29T17:05:48","slug":"klick-tipp","status":"publish","type":"page","link":"https:\/\/avalex.de\/blog\/dienste\/klick-tipp\/","title":{"rendered":"Datenschutzerkl\u00e4rung f\u00fcr Klick-Tipp"},"content":{"rendered":"<p>In der digitalen Kommunikation ist die Einhaltung der Datenschutz-Grundverordnung (DSGVO) von zentraler Bedeutung. Wenn Sie Klick-Tipp als E-Mail-Marketing-Tool nutzen, stellt sich die Frage: Wie gestalten Sie Ihre Datenschutzerkl\u00e4rung rechtskonform? In diesem Artikel erfahren Sie alles, was Sie wissen m\u00fcssen, um Ihre Nutzer transparent \u00fcber die Verarbeitung ihrer Daten zu informieren und rechtliche Sicherheit zu gew\u00e4hrleisten.<\/p>\n<h3>Inhaltsverzeichnis<\/h3>\n<ol>\n<li><a href=\"#dienstbeschreibung\">Was ist Klick-Tipp?<\/a><\/li>\n<li><a href=\"#verarbeitete-daten\">Welche personenbezogenen Daten verarbeitet Klick-Tipp?<\/a><\/li>\n<li><a href=\"#betreiber\">Wer betreibt Klick-Tipp?<\/a><\/li>\n<li><a href=\"#rechtslage\">Rechtslage: Darf man Klick-Tipp einsetzen?<\/a><\/li>\n<li><a href=\"#datenschutzerkl\u00e4rung\">Was geh\u00f6rt in die Datenschutzerkl\u00e4rung?<\/a><\/li>\n<li><a href=\"#avalex-monitor\">avalex Monitor<\/a><\/li>\n<li><a href=\"#av-vertrag\">Muss ein AV-Vertrag abgeschlossen werden?<\/a><\/li>\n<li><a href=\"#consent-banner\">Erlaubnis einholen per Consent Banner<\/a><\/li>\n<\/ol>\n<div class=\"call-to-action-box\">\n<h3>Alles Wichtige in der \u00dcbersicht<\/h3>\n<ul>\n<li><strong>Datenschutzerkl\u00e4rung:<\/strong> Informieren Sie die Nutzer klar und verst\u00e4ndlich \u00fcber die Datenverarbeitung und deren Zweck in Ihrer Datenschutzerkl\u00e4rung.<\/li>\n<li><strong>Nichteurop\u00e4ischer Anbieter:<\/strong> Das mutterunternehmen des Anbieters sitzt in einem Land au\u00dferhalb der EU, zu welchem kein angemessenes Datenschutzniveau gew\u00e4hrleistet sein kann. Der Dienst darf in der EU daher m\u00f6glicherweise nicht verwendet werden.<\/li>\n<li><strong>AV-Vertrag:<\/strong> Schlie\u00dfen Sie einen AV-Vertrag mit dem Anbieter von Klick-Tipp ab.<\/li>\n<li><strong>Aktive Einwilligung:<\/strong> Holen Sie von Ihren Websitebesuchern per Consent Banner eine ausdr\u00fcckliche Erlaubnis ein, bevor Sie Klick-Tipp einsetzen.<\/li>\n<\/ul>\n<div class=\"call-to-action-box__buttons\">\n         <a href=\"#what-is\" class=\"call-to-action-box__more-info-button\">Mehr Informationen<\/a><br \/>\n        <a href=\"https:\/\/avalex.de\/users\/startDemo\" target=\"_blank\" class=\"call-to-action-box__major-action-button\">Jetzt Website absichern<\/a>\n    <\/div>\n<\/div>\n<h2 id=\"dienstbeschreibung\">Was ist Klick-Tipp?<\/h2>\n<p>Klick-Tipp ist eine E-Mail-Marketing-Software, die Unternehmen dabei unterst\u00fctzt, ihre E-Mail-Kommunikation effizient zu gestalten und zu automatisieren. Die Plattform bietet Funktionen wie das Erstellen und Versenden von Newslettern, das Einrichten von Autorespondern und das Segmentieren von Zielgruppen basierend auf spezifischen Kriterien. Ein zentrales Merkmal von Klick-Tipp ist das Tag-basiertes System, das es erm\u00f6glicht, Kontakte anhand von bestimmten Aktionen oder Interessen zu kennzeichnen und somit gezielte Kampagnen durchzuf\u00fchren.<\/p>\n<p>Ein Beispiel f\u00fcr die Nutzung von Klick-Tipp ist die Automatisierung von Willkommens-E-Mails f\u00fcr neue Abonnenten. Sobald sich ein Nutzer f\u00fcr den Newsletter anmeldet, kann Klick-Tipp automatisch eine Reihe von E-Mails versenden, die den neuen Abonnenten \u00fcber das Unternehmen informieren und ihn mit relevanten Inhalten versorgen.<\/p>\n<p>Ein weiteres Beispiel ist die Nutzung von Klick-Tipp zur Reaktivierung inaktiver Kontakte. Unternehmen k\u00f6nnen spezielle Kampagnen erstellen, die nur an Abonnenten gesendet werden, die seit einer bestimmten Zeit nicht mehr auf E-Mails reagiert haben, um sie wieder zu engagieren und zur Interaktion zu motivieren.<\/p>\n<h2 id=\"verarbeitete-daten\">Welche personenbezogenen Daten verarbeitet Klick-Tipp?<\/h2>\n<p>Welche Daten bei Integration von Klick-Tipp verarbeitet werden, ist nicht genau bekannt. Aufgrund der technischen Funktionsweise und \u00f6ffentlichen Quellen kann man aber davon ausgehen, dass die folgenden Daten verarbeitet werden:<\/p>\n<ul>\n<li>IP-Adresse des Besuchers<\/li>\n<li>Browserinformationen<\/li>\n<li>Betriebssystem des Nutzers<\/li>\n<li>Besuchte Webseiten und Zeitpunkt des Besuchs<\/li>\n<li>Klickverhalten auf der Website<\/li>\n<li>E-Mail-Adresse (bei Newsletter-Anmeldung)<\/li>\n<li>Name (falls vom Nutzer angegeben)<\/li>\n<li>Standortdaten (falls vom Browser \u00fcbermittelt)<\/li>\n<li>Ger\u00e4tekennungen<\/li>\n<li>Nutzer-ID (falls ein Login erfolgt)<\/li>\n<\/ul>\n<h2 id=\"betreiber\">Wer betreibt Klick-Tipp?<\/h2>\n<p><strong>Anbietername:<\/strong> KLICK-TIPP LIMITED<br \/>\n<strong>Anschrift:<\/strong> 15 Cambridge Court, 210 Shepherd&#8217;s Bush Road, London W6 7NJ, Vereinigtes K\u00f6nigreich<br \/>\n<strong>Telefon:<\/strong> +49 30 120 85 80 80<br \/>\n<strong>E-Mail:<\/strong> support@klick-tipp.com<br \/>\n<strong>Link zu Datenschutzerkl\u00e4rung:<\/strong> <a href=\"https:\/\/www.klicktipp.com\/datenschutzerklarung\/\" target=\"_blank\">https:\/\/www.klicktipp.com\/datenschutzerklarung\/<\/a><\/p>\n<h3>Tochtergesellschaft in Europa<\/h3>\n<p><strong>Anbietername:<\/strong> Klick-Tipp Limited<br \/>\n<strong>Anschrift:<\/strong> Kohlfurther Str. 41, 42349 Wuppertal, Deutschland<br \/>\n<strong>Telefon:<\/strong> +49 202 695 6990<br \/>\n<strong>E-Mail:<\/strong> support@klick-tipp.com<br \/>\n<strong>Link zu Datenschutzerkl\u00e4rung:<\/strong> <a href=\"https:\/\/www.klick-tipp.com\/datenschutzerklaerung\" target=\"_blank\">https:\/\/www.klick-tipp.com\/datenschutzerklaerung<\/a><\/p>\n<h2 id=\"rechtslage\">Rechtslage: Darf man Klick-Tipp einsetzen?<\/h2>\n<p>Um personenbezogene Daten verarbeiten zu d\u00fcrfen, ben\u00f6tigt man als Websitebetreiber eine\u00a0<b>Erlaubnisgrundlage<\/b>\u00a0im Sinne von\u00a0<a href=\"https:\/\/dejure.org\/gesetze\/DSGVO\/6.html\" title=\"Art. 6 DSGVO: Rechtm&auml;&szlig;igkeit der Verarbeitung\">Artikel 6 DSGVO<\/a>. Speichert man dabei\u00a0<b>Cookies<\/b>\u00a0im Browser der Besucher ab oder liest diese aus, ist das nur mit Einwilligung des Besuchers zul\u00e4ssig (\u00a7 25 Abs. 1 Satz 1 TDDDG).<\/p>\n<p>Die Einbindung von Klick-Tipp auf der eigenen Internetseite kann nach unserer Einsch\u00e4tzung nicht \u00fcber ein berechtigtes Interesse nach <a href=\"https:\/\/dejure.org\/gesetze\/DSGVO\/6.html\" title=\"Art. 6 DSGVO: Rechtm&auml;&szlig;igkeit der Verarbeitung\">Art. 6 Abs. 1 lit. f) DSGVO<\/a> gerechtfertigt werden. Sie ben\u00f6tigen von jedem Besucher der Website eine Einwilligung (<a href=\"https:\/\/dejure.org\/gesetze\/DSGVO\/6.html\" title=\"Art. 6 DSGVO: Rechtm&auml;&szlig;igkeit der Verarbeitung\">Art. 6 Abs. 1 lit. a) DSGVO<\/a>). Diese Einwilligung muss eingeholt werden, bevor Klick-Tipp auf der Internetseite ausgef\u00fchrt werden. Das geschieht am sinnvollsten mithilfe eine Consent Banners (auch \u201eCookie Banner\u201c genannt).<\/p>\n<h3>Daten\u00fcbermittlung in Drittl\u00e4nder<\/h3>\n<p>Der Sitz des Mutterunternehmens KLICK-TIPP LIMITED befindet sich in einem Land au\u00dferhalb der EU, zu welchem kein angemessenes Datenschutzniveau gew\u00e4hrleistet sein kann. <\/p>\n<div class=\"avalex-red-box\">Es ist nicht auszuschlie\u00dfen, dass das Tochterunternehmen Zugriff auf personenbezogene Daten von europ\u00e4ischen Nutzern erlaubt oder erlauben muss. Die Services des Anbieters d\u00fcrfen daher m\u00f6glicherweise in der EU nicht verwendet werden.<\/div>\n<p><a href=\"https:\/\/avalex.de\" class=\"avalex-blog-button-yellow\" target=\"_blank\">Ich m\u00f6chte meine Website absichern<\/a><\/p>\n<h2 id=\"datenschutzerkl\u00e4rung\">Was geh\u00f6rt in die Datenschutzerkl\u00e4rung?<\/h2>\n<p>Eine umfassende Datenschutzerkl\u00e4rung ist essenziell, um die Transparenz gegen\u00fcber den Nutzern zu gew\u00e4hrleisten und den rechtlichen Anforderungen zu entsprechen. Dies ist ein Auszug der wesentlichen Bestandteile, die in Ihrer Datenschutzerkl\u00e4rung enthalten sein sollten:<\/p>\n<ul>\n<li><strong>Verantwortlicher:<\/strong> Geben Sie den Namen und die Kontaktdaten des f\u00fcr die Datenverarbeitung Verantwortlichen an.<\/li>\n<li><strong>Zweck der Datenverarbeitung:<\/strong> Erkl\u00e4ren Sie, warum und zu welchem Zweck die Daten erhoben und verarbeitet werden.<\/li>\n<li><strong>Rechtsgrundlage:<\/strong> Nennen Sie die rechtlichen Grundlagen, auf denen die Datenverarbeitung basiert, wie z.B. Einwilligung oder berechtigtes Interesse.<\/li>\n<li><strong>Betroffenenrechte:<\/strong> Informieren Sie \u00fcber die Rechte der Nutzer, wie Auskunft, Berichtigung, L\u00f6schung und Widerspruch.<\/li>\n<li><strong>Datensicherheit:<\/strong> Beschreiben Sie die Ma\u00dfnahmen, die zum Schutz der Daten ergriffen werden.<\/li>\n<li><strong>\u00dcbermittlung in Drittl\u00e4nder:<\/strong> Erkl\u00e4ren Sie, ob und unter welchen Bedingungen Daten in L\u00e4nder au\u00dferhalb der EU \u00fcbermittelt werden.<\/li>\n<li><strong>Beschwerderecht:<\/strong> Weisen Sie auf das Recht hin, sich bei einer Aufsichtsbeh\u00f6rde zu beschweren.<\/li>\n<\/ul>\n<div class=\"avalex-green-box\">avalex generiert f\u00fcr Sie Ihre Datenschutzerkl\u00e4rung. Einmal auf der eigenen Internetseite installiert, h\u00e4lt avalex die generierten Rechtstexte automatisch aktuell. Wir schicken Ihnen keine E-Mails mit Updates, die per Copy &#038; Paste eingef\u00fcgt werden m\u00fcssen. Unsere Aktualisierungen erfolgen vollautomatisch, ohne dass Sie etwas tun m\u00fcssen. <a href=\"https:\/\/avalex.de\/service\" target=\"_blank\">Mehr zu unserem Service<\/a><\/div>\n<p><a href=\"https:\/\/avalex.de\" target=\"_blank\"><img decoding=\"async\" class=\"alignnone size-full wp-image-2424 lazyloaded\" src=\"https:\/\/avalex.de\/blog\/wp-content\/uploads\/2025\/03\/avalex-scanergebnisse.png.webp\"><\/a><br \/>\n<a href=\"https:\/\/avalex.de\" class=\"avalex-blog-button-yellow\" target=\"_blank\">avalex Datenschutzerkl\u00e4rung bestellen<\/a><\/p>\n<h2 id=\"avalex-monitor\">avalex Monitor<\/h2>\n<p>Es ist unser Anspruch, avalex so einfach und sicher zu gestalten, dass jeder Shop- bzw. Websitebetreiber guten Gewissens unsere Rechtstexte einsetzen kann \u2013 auch ohne jede Programmierkenntnisse.<\/p>\n<p>Eine zentrale Unterst\u00fctzung ist der avalex Monitor, unser technisches \u00dcberwachungssystem. Der avalex Monitor pr\u00fcft die Kundendomain laufend auf technische Fehler und zeigt diese ggf. im Kundenkonto an. So wird sichergestellt, dass Ihre avalex Rechtstexte korrekt ausgespielt werden.<br \/>\n<a href=\"https:\/\/avalex.de\/blog\/avalex-monitor\/\" target=\"_blank\">Mehr zum avalex Monitor<\/a><\/p>\n<p><img decoding=\"async\" width=\"2262\" height=\"626\" class=\"alignnone size-full wp-image-2424 lazyloaded\" src=\"https:\/\/avalex.de\/blog\/wp-content\/uploads\/2024\/01\/avalex-monitor-gruen.png.webp\" srcset=\"https:\/\/avalex.de\/blog\/wp-content\/uploads\/2024\/01\/avalex-monitor-gruen-150x42.png 150w, https:\/\/avalex.de\/blog\/wp-content\/uploads\/2024\/01\/avalex-monitor-gruen-200x55.png 200w, https:\/\/avalex.de\/blog\/wp-content\/uploads\/2024\/01\/avalex-monitor-gruen-300x83.png 300w, https:\/\/avalex.de\/blog\/wp-content\/uploads\/2024\/01\/avalex-monitor-gruen-400x111.png 400w, https:\/\/avalex.de\/blog\/wp-content\/uploads\/2024\/01\/avalex-monitor-gruen-600x166.png 600w, https:\/\/avalex.de\/blog\/wp-content\/uploads\/2024\/01\/avalex-monitor-gruen-768x213.png 768w, https:\/\/avalex.de\/blog\/wp-content\/uploads\/2024\/01\/avalex-monitor-gruen-800x221.png 800w, https:\/\/avalex.de\/blog\/wp-content\/uploads\/2024\/01\/avalex-monitor-gruen-1024x283.png 1024w, https:\/\/avalex.de\/blog\/wp-content\/uploads\/2024\/01\/avalex-monitor-gruen-1200x332.png 1200w, https:\/\/avalex.de\/blog\/wp-content\/uploads\/2024\/01\/avalex-monitor-gruen-1536x425.png 1536w, https:\/\/avalex.de\/blog\/wp-content\/uploads\/2024\/01\/avalex-monitor-gruen.png 2262w\" sizes=\"(max-width: 2262px) 100vw, 2262px\" \/><\/p>\n<h2 id=\"av-vertrag\">Muss ein AV-Vertrag abgeschlossen werden?<\/h2>\n<p>Nach unserer Einsch\u00e4tzung muss ein Auftragsverarbeitungsvertrag (AV-Vertrag) mit dem Anbieter abgeschlossen werden. Kl\u00e4ren Sie mit dem Anbieter ab, ob dieser einen AV-Vertrag zur Verf\u00fcgung stellt.<\/p>\n<p><a href=\"https:\/\/avalex.de\" class=\"avalex-blog-button-yellow\" target=\"_blank\">Starten Sie mit einem Rechts-Scan<\/a><\/p>\n<h2 id=\"consent-banner\">Erlaubnis einholen per Consent Banner<\/h2>\n<h3>Gestaltung des Consent Banners<\/h3>\n<p>Bei der Gestaltung des Consent Banners f\u00fcr Klick-Tipp sollten Sie auf eine benutzerfreundliche und transparente Gestaltung achten. Verwenden Sie klare und verst\u00e4ndliche Sprache, um den Zweck der Datenerhebung zu erkl\u00e4ren. Die Button-Farben sollten kontrastreich sein, um eine einfache Erkennbarkeit zu gew\u00e4hrleisten. Achten Sie darauf, keine manipulativen Taktiken (Nudging) zu verwenden, die den Nutzer dazu verleiten, unbewusst eine Einwilligung zu erteilen.<\/p>\n<h3>Widerrufsrecht und Dokumentation der Einwilligung<\/h3>\n<p>Es ist essenziell, den Nutzern ein einfaches Verfahren zum Widerruf ihrer Einwilligung anzubieten. Dies sollte auch in der Datenschutzerkl\u00e4rung deutlich erkl\u00e4rt werden. Zudem muss die Einwilligung ordnungsgem\u00e4\u00df dokumentiert werden, um im Falle eines Audits nachweisen zu k\u00f6nnen, dass die Einwilligung rechtskonform eingeholt wurde.<\/p>\n<h3>\u00dcbereinstimmung der Angaben im Consent Banner mit der Datenschutzerkl\u00e4rung<\/h3>\n<p>Stellen Sie sicher, dass die Informationen im Consent Banner mit den Angaben in Ihrer Datenschutzerkl\u00e4rung \u00fcbereinstimmen. Jede Abweichung k\u00f6nnte zu Unsicherheiten beim Nutzer f\u00fchren und rechtliche Risiken bergen. Die Datenschutzerkl\u00e4rung sollte detaillierte Informationen zu den Datenverarbeitungsprozessen durch Klick-Tipp enthalten.<\/p>\n<h3>Technische Funktionalit\u00e4t des Banners<\/h3>\n<p>Der Consent Banner muss technisch einwandfrei funktionieren. F\u00fchren Sie regelm\u00e4\u00dfige Tests durch, um sicherzustellen, dass der Banner korrekt angezeigt wird und die Einwilligung ordnungsgem\u00e4\u00df erfasst und gespeichert wird. \u00dcberpr\u00fcfen Sie auch, ob der Banner auf verschiedenen Ger\u00e4ten und Browsern fehlerfrei funktioniert.<\/p>\n<div class=\"avalex-green-box\">\nZus\u00e4tzlich zu abmahnsicheren Rechtstexten, erhalten Sie als avalex Kunde einen Consent Banner von <a href=\"https:\/\/www.consentmanager.de\" target=\"_blank\">consentmanager.de<\/a> f\u00fcr bis zu 40.000 Websiteaufrufe pro Monat inklusive. Mehr als 40.000 Websiteaufrufe pro Monat? avalex Kunden erhalten 20% Sonderrabatt auf alle Paket-Upgrades bei <a href=\"https:\/\/www.consentmanager.de\" target=\"_blank\">consentmanager.de<\/a> (ausgenommen: Enterprise-Paket).\n<\/div>\n","protected":false},"excerpt":{"rendered":"<p>In der digitalen Kommunikation ist die Einhaltung der Datenschutz-Grundverordnung (DSGVO) von zentraler Bedeutung. Wenn Sie Klick-Tipp als E-Mail-Marketing-Tool nutzen, stellt sich die Frage: Wie gestalten Sie Ihre Datenschutzerkl\u00e4rung rechtskonform? In diesem Artikel erfahren Sie alles, was Sie wissen m\u00fcssen, um<\/p>\n","protected":false},"author":2,"featured_media":3845,"parent":2586,"menu_order":0,"comment_status":"closed","ping_status":"closed","template":"","meta":{"_lmt_disableupdate":"","_lmt_disable":"","footnotes":""},"class_list":["post-4303","page","type-page","status-publish","has-post-thumbnail","hentry"],"yoast_head":"<!-- This site is optimized with the Yoast SEO plugin v27.3 - https:\/\/yoast.com\/product\/yoast-seo-wordpress\/ -->\n<title>Datenschutzerkl\u00e4rung f\u00fcr Klick-Tipp - avalex<\/title>\n<meta name=\"description\" content=\"Ben\u00f6tigen Sie eine Datenschutzerkl\u00e4rung f\u00fcr Klick-Tipp? Anbieter, Rechtliches, Daten. Hier erfahren Sie alles Wichtige.\" \/>\n<meta name=\"robots\" content=\"index, follow, max-snippet:-1, max-image-preview:large, max-video-preview:-1\" \/>\n<link rel=\"canonical\" href=\"https:\/\/avalex.de\/blog\/dienste\/klick-tipp\/\" \/>\n<meta property=\"og:locale\" content=\"de_DE\" \/>\n<meta property=\"og:type\" content=\"article\" \/>\n<meta property=\"og:title\" content=\"Datenschutzerkl\u00e4rung f\u00fcr Klick-Tipp - avalex\" \/>\n<meta property=\"og:description\" content=\"Ben\u00f6tigen Sie eine Datenschutzerkl\u00e4rung f\u00fcr Klick-Tipp? Anbieter, Rechtliches, Daten. Hier erfahren Sie alles Wichtige.\" \/>\n<meta property=\"og:url\" content=\"https:\/\/avalex.de\/blog\/dienste\/klick-tipp\/\" \/>\n<meta property=\"og:site_name\" content=\"avalex\" \/>\n<meta property=\"article:publisher\" content=\"https:\/\/www.facebook.com\/avalex.de\/\" \/>\n<meta property=\"article:modified_time\" content=\"2025-04-29T17:05:48+00:00\" \/>\n<meta property=\"og:image\" content=\"https:\/\/avalex.de\/blog\/wp-content\/uploads\/2025\/03\/klick-tipp-datenschutzerklaerung.webp\" \/>\n\t<meta property=\"og:image:width\" content=\"1200\" \/>\n\t<meta property=\"og:image:height\" content=\"630\" \/>\n\t<meta property=\"og:image:type\" content=\"image\/webp\" \/>\n<meta name=\"twitter:card\" content=\"summary_large_image\" \/>\n<meta name=\"twitter:site\" content=\"@avalex_de\" \/>\n<meta name=\"twitter:label1\" content=\"Gesch\u00e4tzte Lesezeit\" \/>\n\t<meta name=\"twitter:data1\" content=\"6\u00a0Minuten\" \/>\n<script type=\"application\/ld+json\" class=\"yoast-schema-graph\">{\"@context\":\"https:\\\/\\\/schema.org\",\"@graph\":[{\"@type\":\"WebPage\",\"@id\":\"https:\\\/\\\/avalex.de\\\/blog\\\/dienste\\\/klick-tipp\\\/\",\"url\":\"https:\\\/\\\/avalex.de\\\/blog\\\/dienste\\\/klick-tipp\\\/\",\"name\":\"Datenschutzerkl\u00e4rung f\u00fcr Klick-Tipp - avalex\",\"isPartOf\":{\"@id\":\"https:\\\/\\\/avalex.de\\\/blog\\\/#website\"},\"primaryImageOfPage\":{\"@id\":\"https:\\\/\\\/avalex.de\\\/blog\\\/dienste\\\/klick-tipp\\\/#primaryimage\"},\"image\":{\"@id\":\"https:\\\/\\\/avalex.de\\\/blog\\\/dienste\\\/klick-tipp\\\/#primaryimage\"},\"thumbnailUrl\":\"https:\\\/\\\/avalex.de\\\/blog\\\/wp-content\\\/uploads\\\/2025\\\/03\\\/klick-tipp-datenschutzerklaerung.webp\",\"datePublished\":\"2025-04-08T14:26:58+00:00\",\"dateModified\":\"2025-04-29T17:05:48+00:00\",\"description\":\"Ben\u00f6tigen Sie eine Datenschutzerkl\u00e4rung f\u00fcr Klick-Tipp? Anbieter, Rechtliches, Daten. Hier erfahren Sie alles Wichtige.\",\"breadcrumb\":{\"@id\":\"https:\\\/\\\/avalex.de\\\/blog\\\/dienste\\\/klick-tipp\\\/#breadcrumb\"},\"inLanguage\":\"de\",\"potentialAction\":[{\"@type\":\"ReadAction\",\"target\":[\"https:\\\/\\\/avalex.de\\\/blog\\\/dienste\\\/klick-tipp\\\/\"]}]},{\"@type\":\"ImageObject\",\"inLanguage\":\"de\",\"@id\":\"https:\\\/\\\/avalex.de\\\/blog\\\/dienste\\\/klick-tipp\\\/#primaryimage\",\"url\":\"https:\\\/\\\/avalex.de\\\/blog\\\/wp-content\\\/uploads\\\/2025\\\/03\\\/klick-tipp-datenschutzerklaerung.webp\",\"contentUrl\":\"https:\\\/\\\/avalex.de\\\/blog\\\/wp-content\\\/uploads\\\/2025\\\/03\\\/klick-tipp-datenschutzerklaerung.webp\",\"width\":1200,\"height\":630},{\"@type\":\"BreadcrumbList\",\"@id\":\"https:\\\/\\\/avalex.de\\\/blog\\\/dienste\\\/klick-tipp\\\/#breadcrumb\",\"itemListElement\":[{\"@type\":\"ListItem\",\"position\":1,\"name\":\"Home\",\"item\":\"https:\\\/\\\/avalex.de\\\/blog\\\/\"},{\"@type\":\"ListItem\",\"position\":2,\"name\":\"Dienste\",\"item\":\"https:\\\/\\\/avalex.de\\\/blog\\\/dienste\\\/\"},{\"@type\":\"ListItem\",\"position\":3,\"name\":\"Datenschutzerkl\u00e4rung f\u00fcr Klick-Tipp\"}]},{\"@type\":\"WebSite\",\"@id\":\"https:\\\/\\\/avalex.de\\\/blog\\\/#website\",\"url\":\"https:\\\/\\\/avalex.de\\\/blog\\\/\",\"name\":\"avalex\",\"description\":\"Automatisch sichere Rechtstexte\",\"publisher\":{\"@id\":\"https:\\\/\\\/avalex.de\\\/blog\\\/#organization\"},\"potentialAction\":[{\"@type\":\"SearchAction\",\"target\":{\"@type\":\"EntryPoint\",\"urlTemplate\":\"https:\\\/\\\/avalex.de\\\/blog\\\/?s={search_term_string}\"},\"query-input\":{\"@type\":\"PropertyValueSpecification\",\"valueRequired\":true,\"valueName\":\"search_term_string\"}}],\"inLanguage\":\"de\"},{\"@type\":\"Organization\",\"@id\":\"https:\\\/\\\/avalex.de\\\/blog\\\/#organization\",\"name\":\"avalex GmbH\",\"alternateName\":\"avalex\",\"url\":\"https:\\\/\\\/avalex.de\\\/blog\\\/\",\"logo\":{\"@type\":\"ImageObject\",\"inLanguage\":\"de\",\"@id\":\"https:\\\/\\\/avalex.de\\\/blog\\\/#\\\/schema\\\/logo\\\/image\\\/\",\"url\":\"https:\\\/\\\/avalex.de\\\/blog\\\/wp-content\\\/uploads\\\/2022\\\/02\\\/avalex-favicon-167px.png\",\"contentUrl\":\"https:\\\/\\\/avalex.de\\\/blog\\\/wp-content\\\/uploads\\\/2022\\\/02\\\/avalex-favicon-167px.png\",\"width\":167,\"height\":167,\"caption\":\"avalex GmbH\"},\"image\":{\"@id\":\"https:\\\/\\\/avalex.de\\\/blog\\\/#\\\/schema\\\/logo\\\/image\\\/\"},\"sameAs\":[\"https:\\\/\\\/www.facebook.com\\\/avalex.de\\\/\",\"https:\\\/\\\/x.com\\\/avalex_de\"]}]}<\/script>\n<!-- \/ Yoast SEO plugin. -->","yoast_head_json":{"title":"Datenschutzerkl\u00e4rung f\u00fcr Klick-Tipp - avalex","description":"Ben\u00f6tigen Sie eine Datenschutzerkl\u00e4rung f\u00fcr Klick-Tipp? Anbieter, Rechtliches, Daten. Hier erfahren Sie alles Wichtige.","robots":{"index":"index","follow":"follow","max-snippet":"max-snippet:-1","max-image-preview":"max-image-preview:large","max-video-preview":"max-video-preview:-1"},"canonical":"https:\/\/avalex.de\/blog\/dienste\/klick-tipp\/","og_locale":"de_DE","og_type":"article","og_title":"Datenschutzerkl\u00e4rung f\u00fcr Klick-Tipp - avalex","og_description":"Ben\u00f6tigen Sie eine Datenschutzerkl\u00e4rung f\u00fcr Klick-Tipp? Anbieter, Rechtliches, Daten. Hier erfahren Sie alles Wichtige.","og_url":"https:\/\/avalex.de\/blog\/dienste\/klick-tipp\/","og_site_name":"avalex","article_publisher":"https:\/\/www.facebook.com\/avalex.de\/","article_modified_time":"2025-04-29T17:05:48+00:00","og_image":[{"width":1200,"height":630,"url":"https:\/\/avalex.de\/blog\/wp-content\/uploads\/2025\/03\/klick-tipp-datenschutzerklaerung.webp","type":"image\/webp"}],"twitter_card":"summary_large_image","twitter_site":"@avalex_de","twitter_misc":{"Gesch\u00e4tzte Lesezeit":"6\u00a0Minuten"},"schema":{"@context":"https:\/\/schema.org","@graph":[{"@type":"WebPage","@id":"https:\/\/avalex.de\/blog\/dienste\/klick-tipp\/","url":"https:\/\/avalex.de\/blog\/dienste\/klick-tipp\/","name":"Datenschutzerkl\u00e4rung f\u00fcr Klick-Tipp - avalex","isPartOf":{"@id":"https:\/\/avalex.de\/blog\/#website"},"primaryImageOfPage":{"@id":"https:\/\/avalex.de\/blog\/dienste\/klick-tipp\/#primaryimage"},"image":{"@id":"https:\/\/avalex.de\/blog\/dienste\/klick-tipp\/#primaryimage"},"thumbnailUrl":"https:\/\/avalex.de\/blog\/wp-content\/uploads\/2025\/03\/klick-tipp-datenschutzerklaerung.webp","datePublished":"2025-04-08T14:26:58+00:00","dateModified":"2025-04-29T17:05:48+00:00","description":"Ben\u00f6tigen Sie eine Datenschutzerkl\u00e4rung f\u00fcr Klick-Tipp? Anbieter, Rechtliches, Daten. Hier erfahren Sie alles Wichtige.","breadcrumb":{"@id":"https:\/\/avalex.de\/blog\/dienste\/klick-tipp\/#breadcrumb"},"inLanguage":"de","potentialAction":[{"@type":"ReadAction","target":["https:\/\/avalex.de\/blog\/dienste\/klick-tipp\/"]}]},{"@type":"ImageObject","inLanguage":"de","@id":"https:\/\/avalex.de\/blog\/dienste\/klick-tipp\/#primaryimage","url":"https:\/\/avalex.de\/blog\/wp-content\/uploads\/2025\/03\/klick-tipp-datenschutzerklaerung.webp","contentUrl":"https:\/\/avalex.de\/blog\/wp-content\/uploads\/2025\/03\/klick-tipp-datenschutzerklaerung.webp","width":1200,"height":630},{"@type":"BreadcrumbList","@id":"https:\/\/avalex.de\/blog\/dienste\/klick-tipp\/#breadcrumb","itemListElement":[{"@type":"ListItem","position":1,"name":"Home","item":"https:\/\/avalex.de\/blog\/"},{"@type":"ListItem","position":2,"name":"Dienste","item":"https:\/\/avalex.de\/blog\/dienste\/"},{"@type":"ListItem","position":3,"name":"Datenschutzerkl\u00e4rung f\u00fcr Klick-Tipp"}]},{"@type":"WebSite","@id":"https:\/\/avalex.de\/blog\/#website","url":"https:\/\/avalex.de\/blog\/","name":"avalex","description":"Automatisch sichere Rechtstexte","publisher":{"@id":"https:\/\/avalex.de\/blog\/#organization"},"potentialAction":[{"@type":"SearchAction","target":{"@type":"EntryPoint","urlTemplate":"https:\/\/avalex.de\/blog\/?s={search_term_string}"},"query-input":{"@type":"PropertyValueSpecification","valueRequired":true,"valueName":"search_term_string"}}],"inLanguage":"de"},{"@type":"Organization","@id":"https:\/\/avalex.de\/blog\/#organization","name":"avalex GmbH","alternateName":"avalex","url":"https:\/\/avalex.de\/blog\/","logo":{"@type":"ImageObject","inLanguage":"de","@id":"https:\/\/avalex.de\/blog\/#\/schema\/logo\/image\/","url":"https:\/\/avalex.de\/blog\/wp-content\/uploads\/2022\/02\/avalex-favicon-167px.png","contentUrl":"https:\/\/avalex.de\/blog\/wp-content\/uploads\/2022\/02\/avalex-favicon-167px.png","width":167,"height":167,"caption":"avalex GmbH"},"image":{"@id":"https:\/\/avalex.de\/blog\/#\/schema\/logo\/image\/"},"sameAs":["https:\/\/www.facebook.com\/avalex.de\/","https:\/\/x.com\/avalex_de"]}]}},"yoast_description":"Ben\u00f6tigen Sie eine Datenschutzerkl\u00e4rung f\u00fcr Klick-Tipp? Anbieter, Rechtliches, Daten. Hier erfahren Sie alles Wichtige.","yoast_keyword":"Klick-Tipp","_links":{"self":[{"href":"https:\/\/avalex.de\/blog\/wp-json\/wp\/v2\/pages\/4303","targetHints":{"allow":["GET"]}}],"collection":[{"href":"https:\/\/avalex.de\/blog\/wp-json\/wp\/v2\/pages"}],"about":[{"href":"https:\/\/avalex.de\/blog\/wp-json\/wp\/v2\/types\/page"}],"author":[{"embeddable":true,"href":"https:\/\/avalex.de\/blog\/wp-json\/wp\/v2\/users\/2"}],"replies":[{"embeddable":true,"href":"https:\/\/avalex.de\/blog\/wp-json\/wp\/v2\/comments?post=4303"}],"version-history":[{"count":2,"href":"https:\/\/avalex.de\/blog\/wp-json\/wp\/v2\/pages\/4303\/revisions"}],"predecessor-version":[{"id":5055,"href":"https:\/\/avalex.de\/blog\/wp-json\/wp\/v2\/pages\/4303\/revisions\/5055"}],"up":[{"embeddable":true,"href":"https:\/\/avalex.de\/blog\/wp-json\/wp\/v2\/pages\/2586"}],"wp:featuredmedia":[{"embeddable":true,"href":"https:\/\/avalex.de\/blog\/wp-json\/wp\/v2\/media\/3845"}],"wp:attachment":[{"href":"https:\/\/avalex.de\/blog\/wp-json\/wp\/v2\/media?parent=4303"}],"curies":[{"name":"wp","href":"https:\/\/api.w.org\/{rel}","templated":true}]}}