{"id":4359,"date":"2025-04-08T16:27:53","date_gmt":"2025-04-08T14:27:53","guid":{"rendered":"https:\/\/avalex.de\/blog\/dienste-openstreetmap\/"},"modified":"2025-04-29T19:06:43","modified_gmt":"2025-04-29T17:06:43","slug":"openstreetmap","status":"publish","type":"page","link":"https:\/\/avalex.de\/blog\/dienste\/openstreetmap\/","title":{"rendered":"Datenschutzerkl\u00e4rung f\u00fcr OpenStreetMap"},"content":{"rendered":"<p>OpenStreetMap bietet eine F\u00fclle an geografischen Daten und ist f\u00fcr viele Webseiten ein unverzichtbares Tool. Doch wie steht es um den Datenschutz bei der Nutzung? In diesem Artikel kl\u00e4ren wir die wichtigsten Aspekte zur Datenschutzerkl\u00e4rung bei der Integration von OpenStreetMap.<\/p>\n<h3>Inhaltsverzeichnis<\/h3>\n<ol>\n<li><a href=\"#dienstbeschreibung\">Was ist OpenStreetMap?<\/a><\/li>\n<li><a href=\"#verarbeitete-daten\">Welche personenbezogenen Daten verarbeitet OpenStreetMap?<\/a><\/li>\n<li><a href=\"#betreiber\">Wer betreibt OpenStreetMap?<\/a><\/li>\n<li><a href=\"#rechtslage\">Rechtslage: Darf man OpenStreetMap einsetzen?<\/a><\/li>\n<li><a href=\"#datenschutzerkl\u00e4rung\">Was geh\u00f6rt in die Datenschutzerkl\u00e4rung?<\/a><\/li>\n<li><a href=\"#avalex-monitor\">avalex Monitor<\/a><\/li>\n<li><a href=\"#consent-banner\">Erlaubnis einholen per Consent Banner<\/a><\/li>\n<\/ol>\n<div class=\"call-to-action-box\">\n<h3>Alles Wichtige in der \u00dcbersicht<\/h3>\n<ul>\n<li><strong>Datenschutzerkl\u00e4rung:<\/strong> Informieren Sie die Nutzer klar und verst\u00e4ndlich \u00fcber die Datenverarbeitung und deren Zweck in Ihrer Datenschutzerkl\u00e4rung.<\/li>\n<li><strong>Nichteurop\u00e4ischer Anbieter:<\/strong> Der Anbieter von OpenStreetMap sitzt in einem Land au\u00dferhalb der EU, zu welchem kein angemessenes Datenschutzniveau gew\u00e4hrleistet sein kann.<\/li>\n<\/ul>\n<div class=\"call-to-action-box__buttons\">\n         <a href=\"#what-is\" class=\"call-to-action-box__more-info-button\">Mehr Informationen<\/a><br \/>\n        <a href=\"https:\/\/avalex.de\/users\/startDemo\" target=\"_blank\" class=\"call-to-action-box__major-action-button\">Jetzt Website absichern<\/a>\n    <\/div>\n<\/div>\n<h2 id=\"dienstbeschreibung\">Was ist OpenStreetMap?<\/h2>\n<p>OpenStreetMap (OSM) ist ein kollaboratives Projekt, das darauf abzielt, eine frei zug\u00e4ngliche und editierbare Weltkarte zu erstellen. Die Plattform wird von einer Gemeinschaft von Freiwilligen betrieben, die Geodaten sammeln und pflegen. Diese Daten umfassen Stra\u00dfen, Wege, Fl\u00fcsse, Geb\u00e4ude und andere geografische Merkmale. OpenStreetMap ist als eine Art &#8222;Wikipedia der Karten&#8220; bekannt, da jeder Benutzer die M\u00f6glichkeit hat, die Karte zu bearbeiten und zu aktualisieren.<\/p>\n<p>Ein Beispiel f\u00fcr die Nutzung von OpenStreetMap ist die Integration in mobile Anwendungen, die Karten und Navigationsdienste anbieten. Apps wie OsmAnd und Maps.me verwenden OpenStreetMap-Daten, um Offline-Karten bereitzustellen, die Benutzer auch ohne Internetverbindung nutzen k\u00f6nnen. Ein weiteres Beispiel ist die Verwendung von OSM-Daten durch humanit\u00e4re Organisationen, um in Krisengebieten aktuelle Karten bereitzustellen und so die Koordination von Hilfsma\u00dfnahmen zu unterst\u00fctzen.<\/p>\n<h2 id=\"verarbeitete-daten\">Welche personenbezogenen Daten verarbeitet OpenStreetMap?<\/h2>\n<p>Welche Daten bei Integration von OpenStreetMap verarbeitet werden, ist nicht genau bekannt. Aufgrund der technischen Funktionsweise und \u00f6ffentlichen Quellen kann man aber davon ausgehen, dass die folgenden Daten verarbeitet werden:<\/p>\n<ul>\n<li>IP-Adresse des Nutzers<\/li>\n<li>Browsertyp und -version<\/li>\n<li>Betriebssystem<\/li>\n<li>Referrer-URL (zuvor besuchte Seite)<\/li>\n<li>Datum und Uhrzeit des Zugriffs<\/li>\n<li>Aufgerufene Seiten auf der OpenStreetMap-Website<\/li>\n<li>Ungef\u00e4hrer Standort des Nutzers (basierend auf IP-Adresse)<\/li>\n<\/ul>\n<h2 id=\"betreiber\">Wer betreibt OpenStreetMap?<\/h2>\n<p><strong>Anbietername:<\/strong> OpenStreetMap Foundation<br \/>\n<strong>Anschrift:<\/strong> 132 Maney Hill Road, Sutton Coldfield, West Midlands, B72 1JU, United Kingdom<\/p>\n<p><strong>E-Mail:<\/strong> board@osmfoundation.org<br \/>\n<strong>Link zu Datenschutzerkl\u00e4rung:<\/strong> <a href=\"https:\/\/wiki.osmfoundation.org\/wiki\/Privacy_Policy\" target=\"_blank\">https:\/\/wiki.osmfoundation.org\/wiki\/Privacy_Policy<\/a><\/p>\n<h2 id=\"rechtslage\">Rechtslage: Darf man OpenStreetMap einsetzen?<\/h2>\n<p>Die Nutzung von OpenStreetMap ist technisch erforderlich und sowohl nach der DSGVO als auch dem TDDDG zul\u00e4ssig, ohne dass hierf\u00fcr selbst eine Einwilligung eingeholt werden m\u00fcsste.<\/p>\n<h3>Daten\u00fcbermittlung in Drittl\u00e4nder<\/h3>\n<div class=\"avalex-red-box\">\nBei OpenStreetMap Foundation handelt es sich um einen Anbieter au\u00dferhalb der EU, zu welchem kein angemessenes Datenschutzniveau gew\u00e4hrleistet sein kann. Dieser Anbieter darf daher in der EU nicht verwendet werden.<\/div>\n<p><a href=\"https:\/\/avalex.de\" class=\"avalex-blog-button-yellow\" target=\"_blank\">Ich m\u00f6chte meine Website absichern<\/a><\/p>\n<h2 id=\"datenschutzerkl\u00e4rung\">Was geh\u00f6rt in die Datenschutzerkl\u00e4rung?<\/h2>\n<p>Eine umfassende Datenschutzerkl\u00e4rung ist essenziell, um die Transparenz gegen\u00fcber den Nutzern zu gew\u00e4hrleisten und den rechtlichen Anforderungen zu entsprechen. Dies ist ein Auszug der wesentlichen Bestandteile, die in Ihrer Datenschutzerkl\u00e4rung enthalten sein sollten:<\/p>\n<ul>\n<li><strong>Verantwortlicher:<\/strong> Geben Sie den Namen und die Kontaktdaten des f\u00fcr die Datenverarbeitung Verantwortlichen an.<\/li>\n<li><strong>Zweck der Datenverarbeitung:<\/strong> Erkl\u00e4ren Sie, warum und zu welchem Zweck die Daten erhoben und verarbeitet werden.<\/li>\n<li><strong>Rechtsgrundlage:<\/strong> Nennen Sie die rechtlichen Grundlagen, auf denen die Datenverarbeitung basiert, wie z.B. Einwilligung oder berechtigtes Interesse.<\/li>\n<li><strong>Betroffenenrechte:<\/strong> Informieren Sie \u00fcber die Rechte der Nutzer, wie Auskunft, Berichtigung, L\u00f6schung und Widerspruch.<\/li>\n<li><strong>Datensicherheit:<\/strong> Beschreiben Sie die Ma\u00dfnahmen, die zum Schutz der Daten ergriffen werden.<\/li>\n<li><strong>\u00dcbermittlung in Drittl\u00e4nder:<\/strong> Erkl\u00e4ren Sie, ob und unter welchen Bedingungen Daten in L\u00e4nder au\u00dferhalb der EU \u00fcbermittelt werden.<\/li>\n<li><strong>Beschwerderecht:<\/strong> Weisen Sie auf das Recht hin, sich bei einer Aufsichtsbeh\u00f6rde zu beschweren.<\/li>\n<\/ul>\n<div class=\"avalex-green-box\">avalex generiert f\u00fcr Sie Ihre Datenschutzerkl\u00e4rung. Einmal auf der eigenen Internetseite installiert, h\u00e4lt avalex die generierten Rechtstexte automatisch aktuell. Wir schicken Ihnen keine E-Mails mit Updates, die per Copy &#038; Paste eingef\u00fcgt werden m\u00fcssen. Unsere Aktualisierungen erfolgen vollautomatisch, ohne dass Sie etwas tun m\u00fcssen. <a href=\"https:\/\/avalex.de\/service\" target=\"_blank\">Mehr zu unserem Service<\/a><\/div>\n<p><a href=\"https:\/\/avalex.de\" target=\"_blank\"><img decoding=\"async\" class=\"alignnone size-full wp-image-2424 lazyloaded\" src=\"https:\/\/avalex.de\/blog\/wp-content\/uploads\/2025\/03\/avalex-scanergebnisse.png.webp\"><\/a><br \/>\n<a href=\"https:\/\/avalex.de\" class=\"avalex-blog-button-yellow\" target=\"_blank\">avalex Datenschutzerkl\u00e4rung bestellen<\/a><\/p>\n<h2 id=\"avalex-monitor\">avalex Monitor<\/h2>\n<p>Es ist unser Anspruch, avalex so einfach und sicher zu gestalten, dass jeder Shop- bzw. Websitebetreiber guten Gewissens unsere Rechtstexte einsetzen kann \u2013 auch ohne jede Programmierkenntnisse.<\/p>\n<p>Eine zentrale Unterst\u00fctzung ist der avalex Monitor, unser technisches \u00dcberwachungssystem. Der avalex Monitor pr\u00fcft die Kundendomain laufend auf technische Fehler und zeigt diese ggf. im Kundenkonto an. So wird sichergestellt, dass Ihre avalex Rechtstexte korrekt ausgespielt werden.<br \/>\n<a href=\"https:\/\/avalex.de\/blog\/avalex-monitor\/\" target=\"_blank\">Mehr zum avalex Monitor<\/a><\/p>\n<p><img decoding=\"async\" width=\"2262\" height=\"626\" class=\"alignnone size-full wp-image-2424 lazyloaded\" src=\"https:\/\/avalex.de\/blog\/wp-content\/uploads\/2024\/01\/avalex-monitor-gruen.png.webp\" srcset=\"https:\/\/avalex.de\/blog\/wp-content\/uploads\/2024\/01\/avalex-monitor-gruen-150x42.png 150w, https:\/\/avalex.de\/blog\/wp-content\/uploads\/2024\/01\/avalex-monitor-gruen-200x55.png 200w, https:\/\/avalex.de\/blog\/wp-content\/uploads\/2024\/01\/avalex-monitor-gruen-300x83.png 300w, https:\/\/avalex.de\/blog\/wp-content\/uploads\/2024\/01\/avalex-monitor-gruen-400x111.png 400w, https:\/\/avalex.de\/blog\/wp-content\/uploads\/2024\/01\/avalex-monitor-gruen-600x166.png 600w, https:\/\/avalex.de\/blog\/wp-content\/uploads\/2024\/01\/avalex-monitor-gruen-768x213.png 768w, https:\/\/avalex.de\/blog\/wp-content\/uploads\/2024\/01\/avalex-monitor-gruen-800x221.png 800w, https:\/\/avalex.de\/blog\/wp-content\/uploads\/2024\/01\/avalex-monitor-gruen-1024x283.png 1024w, https:\/\/avalex.de\/blog\/wp-content\/uploads\/2024\/01\/avalex-monitor-gruen-1200x332.png 1200w, https:\/\/avalex.de\/blog\/wp-content\/uploads\/2024\/01\/avalex-monitor-gruen-1536x425.png 1536w, https:\/\/avalex.de\/blog\/wp-content\/uploads\/2024\/01\/avalex-monitor-gruen.png 2262w\" sizes=\"(max-width: 2262px) 100vw, 2262px\" \/><\/p>\n<h2 id=\"consent-banner\">Erlaubnis einholen per Consent Banner<\/h2>\n<h3>Gestaltung des Consent Banners<\/h3>\n<p>Bei der Gestaltung des Consent Banners f\u00fcr OpenStreetMap sollten Sie auf eine benutzerfreundliche und transparente Gestaltung achten. Verwenden Sie klare und verst\u00e4ndliche Sprache, um den Zweck der Datenerhebung zu erkl\u00e4ren. Die Button-Farben sollten kontrastreich sein, um eine einfache Erkennbarkeit zu gew\u00e4hrleisten. Achten Sie darauf, keine manipulativen Taktiken (Nudging) zu verwenden, die den Nutzer dazu verleiten, unbewusst eine Einwilligung zu erteilen.<\/p>\n<h3>Widerrufsrecht und Dokumentation der Einwilligung<\/h3>\n<p>Es ist essenziell, den Nutzern ein einfaches Verfahren zum Widerruf ihrer Einwilligung anzubieten. Dies sollte auch in der Datenschutzerkl\u00e4rung deutlich erkl\u00e4rt werden. Zudem muss die Einwilligung ordnungsgem\u00e4\u00df dokumentiert werden, um im Falle eines Audits nachweisen zu k\u00f6nnen, dass die Einwilligung rechtskonform eingeholt wurde.<\/p>\n<h3>\u00dcbereinstimmung der Angaben im Consent Banner mit der Datenschutzerkl\u00e4rung<\/h3>\n<p>Stellen Sie sicher, dass die Informationen im Consent Banner mit den Angaben in Ihrer Datenschutzerkl\u00e4rung \u00fcbereinstimmen. Jede Abweichung k\u00f6nnte zu Unsicherheiten beim Nutzer f\u00fchren und rechtliche Risiken bergen. Die Datenschutzerkl\u00e4rung sollte detaillierte Informationen zu den Datenverarbeitungsprozessen durch OpenStreetMap enthalten.<\/p>\n<h3>Technische Funktionalit\u00e4t des Banners<\/h3>\n<p>Der Consent Banner muss technisch einwandfrei funktionieren. F\u00fchren Sie regelm\u00e4\u00dfige Tests durch, um sicherzustellen, dass der Banner korrekt angezeigt wird und die Einwilligung ordnungsgem\u00e4\u00df erfasst und gespeichert wird. \u00dcberpr\u00fcfen Sie auch, ob der Banner auf verschiedenen Ger\u00e4ten und Browsern fehlerfrei funktioniert.<\/p>\n<div class=\"avalex-green-box\">\nZus\u00e4tzlich zu abmahnsicheren Rechtstexten, erhalten Sie als avalex Kunde einen Consent Banner von <a href=\"https:\/\/www.consentmanager.de\" target=\"_blank\">consentmanager.de<\/a> f\u00fcr bis zu 40.000 Websiteaufrufe pro Monat inklusive. Mehr als 40.000 Websiteaufrufe pro Monat? avalex Kunden erhalten 20% Sonderrabatt auf alle Paket-Upgrades bei <a href=\"https:\/\/www.consentmanager.de\" target=\"_blank\">consentmanager.de<\/a> (ausgenommen: Enterprise-Paket).\n<\/div>\n","protected":false},"excerpt":{"rendered":"<p>OpenStreetMap bietet eine F\u00fclle an geografischen Daten und ist f\u00fcr viele Webseiten ein unverzichtbares Tool. Doch wie steht es um den Datenschutz bei der Nutzung? In diesem Artikel kl\u00e4ren wir die wichtigsten Aspekte zur Datenschutzerkl\u00e4rung bei der Integration von OpenStreetMap.<\/p>\n","protected":false},"author":2,"featured_media":3901,"parent":2586,"menu_order":0,"comment_status":"closed","ping_status":"closed","template":"","meta":{"_lmt_disableupdate":"","_lmt_disable":"","footnotes":""},"class_list":["post-4359","page","type-page","status-publish","has-post-thumbnail","hentry"],"yoast_head":"<!-- This site is optimized with the Yoast SEO plugin v27.3 - https:\/\/yoast.com\/product\/yoast-seo-wordpress\/ -->\n<title>Datenschutzerkl\u00e4rung f\u00fcr OpenStreetMap - avalex<\/title>\n<meta name=\"description\" content=\"Ben\u00f6tigen Sie eine Datenschutzerkl\u00e4rung f\u00fcr OpenStreetMap? Anbieter, Rechtliches, Daten. Hier erfahren Sie alles Wichtige.\" \/>\n<meta name=\"robots\" content=\"index, follow, max-snippet:-1, max-image-preview:large, max-video-preview:-1\" \/>\n<link rel=\"canonical\" href=\"https:\/\/avalex.de\/blog\/dienste\/openstreetmap\/\" \/>\n<meta property=\"og:locale\" content=\"de_DE\" \/>\n<meta property=\"og:type\" content=\"article\" \/>\n<meta property=\"og:title\" content=\"Datenschutzerkl\u00e4rung f\u00fcr OpenStreetMap - avalex\" \/>\n<meta property=\"og:description\" content=\"Ben\u00f6tigen Sie eine Datenschutzerkl\u00e4rung f\u00fcr OpenStreetMap? Anbieter, Rechtliches, Daten. Hier erfahren Sie alles Wichtige.\" \/>\n<meta property=\"og:url\" content=\"https:\/\/avalex.de\/blog\/dienste\/openstreetmap\/\" \/>\n<meta property=\"og:site_name\" content=\"avalex\" \/>\n<meta property=\"article:publisher\" content=\"https:\/\/www.facebook.com\/avalex.de\/\" \/>\n<meta property=\"article:modified_time\" content=\"2025-04-29T17:06:43+00:00\" \/>\n<meta property=\"og:image\" content=\"https:\/\/avalex.de\/blog\/wp-content\/uploads\/2025\/03\/openstreetmap-datenschutzerklaerung.webp\" \/>\n\t<meta property=\"og:image:width\" content=\"1200\" \/>\n\t<meta property=\"og:image:height\" content=\"630\" \/>\n\t<meta property=\"og:image:type\" content=\"image\/webp\" \/>\n<meta name=\"twitter:card\" content=\"summary_large_image\" \/>\n<meta name=\"twitter:site\" content=\"@avalex_de\" \/>\n<meta name=\"twitter:label1\" content=\"Gesch\u00e4tzte Lesezeit\" \/>\n\t<meta name=\"twitter:data1\" content=\"5\u00a0Minuten\" \/>\n<script type=\"application\/ld+json\" class=\"yoast-schema-graph\">{\"@context\":\"https:\\\/\\\/schema.org\",\"@graph\":[{\"@type\":\"WebPage\",\"@id\":\"https:\\\/\\\/avalex.de\\\/blog\\\/dienste\\\/openstreetmap\\\/\",\"url\":\"https:\\\/\\\/avalex.de\\\/blog\\\/dienste\\\/openstreetmap\\\/\",\"name\":\"Datenschutzerkl\u00e4rung f\u00fcr OpenStreetMap - avalex\",\"isPartOf\":{\"@id\":\"https:\\\/\\\/avalex.de\\\/blog\\\/#website\"},\"primaryImageOfPage\":{\"@id\":\"https:\\\/\\\/avalex.de\\\/blog\\\/dienste\\\/openstreetmap\\\/#primaryimage\"},\"image\":{\"@id\":\"https:\\\/\\\/avalex.de\\\/blog\\\/dienste\\\/openstreetmap\\\/#primaryimage\"},\"thumbnailUrl\":\"https:\\\/\\\/avalex.de\\\/blog\\\/wp-content\\\/uploads\\\/2025\\\/03\\\/openstreetmap-datenschutzerklaerung.webp\",\"datePublished\":\"2025-04-08T14:27:53+00:00\",\"dateModified\":\"2025-04-29T17:06:43+00:00\",\"description\":\"Ben\u00f6tigen Sie eine Datenschutzerkl\u00e4rung f\u00fcr OpenStreetMap? Anbieter, Rechtliches, Daten. Hier erfahren Sie alles Wichtige.\",\"breadcrumb\":{\"@id\":\"https:\\\/\\\/avalex.de\\\/blog\\\/dienste\\\/openstreetmap\\\/#breadcrumb\"},\"inLanguage\":\"de\",\"potentialAction\":[{\"@type\":\"ReadAction\",\"target\":[\"https:\\\/\\\/avalex.de\\\/blog\\\/dienste\\\/openstreetmap\\\/\"]}]},{\"@type\":\"ImageObject\",\"inLanguage\":\"de\",\"@id\":\"https:\\\/\\\/avalex.de\\\/blog\\\/dienste\\\/openstreetmap\\\/#primaryimage\",\"url\":\"https:\\\/\\\/avalex.de\\\/blog\\\/wp-content\\\/uploads\\\/2025\\\/03\\\/openstreetmap-datenschutzerklaerung.webp\",\"contentUrl\":\"https:\\\/\\\/avalex.de\\\/blog\\\/wp-content\\\/uploads\\\/2025\\\/03\\\/openstreetmap-datenschutzerklaerung.webp\",\"width\":1200,\"height\":630},{\"@type\":\"BreadcrumbList\",\"@id\":\"https:\\\/\\\/avalex.de\\\/blog\\\/dienste\\\/openstreetmap\\\/#breadcrumb\",\"itemListElement\":[{\"@type\":\"ListItem\",\"position\":1,\"name\":\"Home\",\"item\":\"https:\\\/\\\/avalex.de\\\/blog\\\/\"},{\"@type\":\"ListItem\",\"position\":2,\"name\":\"Dienste\",\"item\":\"https:\\\/\\\/avalex.de\\\/blog\\\/dienste\\\/\"},{\"@type\":\"ListItem\",\"position\":3,\"name\":\"Datenschutzerkl\u00e4rung f\u00fcr OpenStreetMap\"}]},{\"@type\":\"WebSite\",\"@id\":\"https:\\\/\\\/avalex.de\\\/blog\\\/#website\",\"url\":\"https:\\\/\\\/avalex.de\\\/blog\\\/\",\"name\":\"avalex\",\"description\":\"Automatisch sichere Rechtstexte\",\"publisher\":{\"@id\":\"https:\\\/\\\/avalex.de\\\/blog\\\/#organization\"},\"potentialAction\":[{\"@type\":\"SearchAction\",\"target\":{\"@type\":\"EntryPoint\",\"urlTemplate\":\"https:\\\/\\\/avalex.de\\\/blog\\\/?s={search_term_string}\"},\"query-input\":{\"@type\":\"PropertyValueSpecification\",\"valueRequired\":true,\"valueName\":\"search_term_string\"}}],\"inLanguage\":\"de\"},{\"@type\":\"Organization\",\"@id\":\"https:\\\/\\\/avalex.de\\\/blog\\\/#organization\",\"name\":\"avalex GmbH\",\"alternateName\":\"avalex\",\"url\":\"https:\\\/\\\/avalex.de\\\/blog\\\/\",\"logo\":{\"@type\":\"ImageObject\",\"inLanguage\":\"de\",\"@id\":\"https:\\\/\\\/avalex.de\\\/blog\\\/#\\\/schema\\\/logo\\\/image\\\/\",\"url\":\"https:\\\/\\\/avalex.de\\\/blog\\\/wp-content\\\/uploads\\\/2022\\\/02\\\/avalex-favicon-167px.png\",\"contentUrl\":\"https:\\\/\\\/avalex.de\\\/blog\\\/wp-content\\\/uploads\\\/2022\\\/02\\\/avalex-favicon-167px.png\",\"width\":167,\"height\":167,\"caption\":\"avalex GmbH\"},\"image\":{\"@id\":\"https:\\\/\\\/avalex.de\\\/blog\\\/#\\\/schema\\\/logo\\\/image\\\/\"},\"sameAs\":[\"https:\\\/\\\/www.facebook.com\\\/avalex.de\\\/\",\"https:\\\/\\\/x.com\\\/avalex_de\"]}]}<\/script>\n<!-- \/ Yoast SEO plugin. -->","yoast_head_json":{"title":"Datenschutzerkl\u00e4rung f\u00fcr OpenStreetMap - avalex","description":"Ben\u00f6tigen Sie eine Datenschutzerkl\u00e4rung f\u00fcr OpenStreetMap? Anbieter, Rechtliches, Daten. Hier erfahren Sie alles Wichtige.","robots":{"index":"index","follow":"follow","max-snippet":"max-snippet:-1","max-image-preview":"max-image-preview:large","max-video-preview":"max-video-preview:-1"},"canonical":"https:\/\/avalex.de\/blog\/dienste\/openstreetmap\/","og_locale":"de_DE","og_type":"article","og_title":"Datenschutzerkl\u00e4rung f\u00fcr OpenStreetMap - avalex","og_description":"Ben\u00f6tigen Sie eine Datenschutzerkl\u00e4rung f\u00fcr OpenStreetMap? Anbieter, Rechtliches, Daten. Hier erfahren Sie alles Wichtige.","og_url":"https:\/\/avalex.de\/blog\/dienste\/openstreetmap\/","og_site_name":"avalex","article_publisher":"https:\/\/www.facebook.com\/avalex.de\/","article_modified_time":"2025-04-29T17:06:43+00:00","og_image":[{"width":1200,"height":630,"url":"https:\/\/avalex.de\/blog\/wp-content\/uploads\/2025\/03\/openstreetmap-datenschutzerklaerung.webp","type":"image\/webp"}],"twitter_card":"summary_large_image","twitter_site":"@avalex_de","twitter_misc":{"Gesch\u00e4tzte Lesezeit":"5\u00a0Minuten"},"schema":{"@context":"https:\/\/schema.org","@graph":[{"@type":"WebPage","@id":"https:\/\/avalex.de\/blog\/dienste\/openstreetmap\/","url":"https:\/\/avalex.de\/blog\/dienste\/openstreetmap\/","name":"Datenschutzerkl\u00e4rung f\u00fcr OpenStreetMap - avalex","isPartOf":{"@id":"https:\/\/avalex.de\/blog\/#website"},"primaryImageOfPage":{"@id":"https:\/\/avalex.de\/blog\/dienste\/openstreetmap\/#primaryimage"},"image":{"@id":"https:\/\/avalex.de\/blog\/dienste\/openstreetmap\/#primaryimage"},"thumbnailUrl":"https:\/\/avalex.de\/blog\/wp-content\/uploads\/2025\/03\/openstreetmap-datenschutzerklaerung.webp","datePublished":"2025-04-08T14:27:53+00:00","dateModified":"2025-04-29T17:06:43+00:00","description":"Ben\u00f6tigen Sie eine Datenschutzerkl\u00e4rung f\u00fcr OpenStreetMap? Anbieter, Rechtliches, Daten. Hier erfahren Sie alles Wichtige.","breadcrumb":{"@id":"https:\/\/avalex.de\/blog\/dienste\/openstreetmap\/#breadcrumb"},"inLanguage":"de","potentialAction":[{"@type":"ReadAction","target":["https:\/\/avalex.de\/blog\/dienste\/openstreetmap\/"]}]},{"@type":"ImageObject","inLanguage":"de","@id":"https:\/\/avalex.de\/blog\/dienste\/openstreetmap\/#primaryimage","url":"https:\/\/avalex.de\/blog\/wp-content\/uploads\/2025\/03\/openstreetmap-datenschutzerklaerung.webp","contentUrl":"https:\/\/avalex.de\/blog\/wp-content\/uploads\/2025\/03\/openstreetmap-datenschutzerklaerung.webp","width":1200,"height":630},{"@type":"BreadcrumbList","@id":"https:\/\/avalex.de\/blog\/dienste\/openstreetmap\/#breadcrumb","itemListElement":[{"@type":"ListItem","position":1,"name":"Home","item":"https:\/\/avalex.de\/blog\/"},{"@type":"ListItem","position":2,"name":"Dienste","item":"https:\/\/avalex.de\/blog\/dienste\/"},{"@type":"ListItem","position":3,"name":"Datenschutzerkl\u00e4rung f\u00fcr OpenStreetMap"}]},{"@type":"WebSite","@id":"https:\/\/avalex.de\/blog\/#website","url":"https:\/\/avalex.de\/blog\/","name":"avalex","description":"Automatisch sichere Rechtstexte","publisher":{"@id":"https:\/\/avalex.de\/blog\/#organization"},"potentialAction":[{"@type":"SearchAction","target":{"@type":"EntryPoint","urlTemplate":"https:\/\/avalex.de\/blog\/?s={search_term_string}"},"query-input":{"@type":"PropertyValueSpecification","valueRequired":true,"valueName":"search_term_string"}}],"inLanguage":"de"},{"@type":"Organization","@id":"https:\/\/avalex.de\/blog\/#organization","name":"avalex GmbH","alternateName":"avalex","url":"https:\/\/avalex.de\/blog\/","logo":{"@type":"ImageObject","inLanguage":"de","@id":"https:\/\/avalex.de\/blog\/#\/schema\/logo\/image\/","url":"https:\/\/avalex.de\/blog\/wp-content\/uploads\/2022\/02\/avalex-favicon-167px.png","contentUrl":"https:\/\/avalex.de\/blog\/wp-content\/uploads\/2022\/02\/avalex-favicon-167px.png","width":167,"height":167,"caption":"avalex GmbH"},"image":{"@id":"https:\/\/avalex.de\/blog\/#\/schema\/logo\/image\/"},"sameAs":["https:\/\/www.facebook.com\/avalex.de\/","https:\/\/x.com\/avalex_de"]}]}},"yoast_description":"Ben\u00f6tigen Sie eine Datenschutzerkl\u00e4rung f\u00fcr OpenStreetMap? Anbieter, Rechtliches, Daten. Hier erfahren Sie alles Wichtige.","yoast_keyword":"OpenStreetMap","_links":{"self":[{"href":"https:\/\/avalex.de\/blog\/wp-json\/wp\/v2\/pages\/4359","targetHints":{"allow":["GET"]}}],"collection":[{"href":"https:\/\/avalex.de\/blog\/wp-json\/wp\/v2\/pages"}],"about":[{"href":"https:\/\/avalex.de\/blog\/wp-json\/wp\/v2\/types\/page"}],"author":[{"embeddable":true,"href":"https:\/\/avalex.de\/blog\/wp-json\/wp\/v2\/users\/2"}],"replies":[{"embeddable":true,"href":"https:\/\/avalex.de\/blog\/wp-json\/wp\/v2\/comments?post=4359"}],"version-history":[{"count":2,"href":"https:\/\/avalex.de\/blog\/wp-json\/wp\/v2\/pages\/4359\/revisions"}],"predecessor-version":[{"id":5109,"href":"https:\/\/avalex.de\/blog\/wp-json\/wp\/v2\/pages\/4359\/revisions\/5109"}],"up":[{"embeddable":true,"href":"https:\/\/avalex.de\/blog\/wp-json\/wp\/v2\/pages\/2586"}],"wp:featuredmedia":[{"embeddable":true,"href":"https:\/\/avalex.de\/blog\/wp-json\/wp\/v2\/media\/3901"}],"wp:attachment":[{"href":"https:\/\/avalex.de\/blog\/wp-json\/wp\/v2\/media?parent=4359"}],"curies":[{"name":"wp","href":"https:\/\/api.w.org\/{rel}","templated":true}]}}