{"id":4418,"date":"2025-04-08T16:28:53","date_gmt":"2025-04-08T14:28:53","guid":{"rendered":"https:\/\/avalex.de\/blog\/dienste-skimlinks\/"},"modified":"2025-04-29T19:07:43","modified_gmt":"2025-04-29T17:07:43","slug":"skimlinks","status":"publish","type":"page","link":"https:\/\/avalex.de\/blog\/dienste\/skimlinks\/","title":{"rendered":"Datenschutzerkl\u00e4rung f\u00fcr SkimLinks"},"content":{"rendered":"<p>SkimLinks bietet eine effiziente M\u00f6glichkeit f\u00fcr Website-Betreiber, durch Affiliate-Marketing Einnahmen zu generieren. Doch wie sieht es mit der DSGVO-Konformit\u00e4t aus? In diesem Artikel erfahren Sie, welche datenschutzrechtlichen Aspekte bei der Nutzung von SkimLinks zu beachten sind und wie Sie Ihre Datenschutzerkl\u00e4rung entsprechend anpassen.<\/p>\n<h3>Inhaltsverzeichnis<\/h3>\n<ol>\n<li><a href=\"#dienstbeschreibung\">Was ist SkimLinks?<\/a><\/li>\n<li><a href=\"#verarbeitete-daten\">Welche personenbezogenen Daten verarbeitet SkimLinks?<\/a><\/li>\n<li><a href=\"#betreiber\">Wer betreibt SkimLinks?<\/a><\/li>\n<li><a href=\"#rechtslage\">Rechtslage: Darf man SkimLinks einsetzen?<\/a><\/li>\n<li><a href=\"#datenschutzerkl\u00e4rung\">Was geh\u00f6rt in die Datenschutzerkl\u00e4rung?<\/a><\/li>\n<li><a href=\"#avalex-monitor\">avalex Monitor<\/a><\/li>\n<li><a href=\"#av-vertrag\">Muss ein AV-Vertrag abgeschlossen werden?<\/a><\/li>\n<li><a href=\"#consent-banner\">Erlaubnis einholen per Consent Banner<\/a><\/li>\n<\/ol>\n<div class=\"call-to-action-box\">\n<h3>Alles Wichtige in der \u00dcbersicht<\/h3>\n<ul>\n<li><strong>Datenschutzerkl\u00e4rung:<\/strong> Informieren Sie die Nutzer klar und verst\u00e4ndlich \u00fcber die Datenverarbeitung und deren Zweck in Ihrer Datenschutzerkl\u00e4rung.<\/li>\n<li><strong>US-Anbieter:<\/strong> Das Mutterunternehmen des Anbieters ist nicht nach dem Data Privacy Framework zertifiziert. Der Dienst darf in der EU daher m\u00f6glicherweise nicht verwendet werden.<\/li>\n<li><strong>AV-Vertrag:<\/strong> Schlie\u00dfen Sie einen AV-Vertrag mit dem Anbieter von SkimLinks ab.<\/li>\n<li><strong>Aktive Einwilligung:<\/strong> Holen Sie von Ihren Websitebesuchern per Consent Banner eine ausdr\u00fcckliche Erlaubnis ein, bevor Sie SkimLinks einsetzen.<\/li>\n<\/ul>\n<div class=\"call-to-action-box__buttons\">\n         <a href=\"#what-is\" class=\"call-to-action-box__more-info-button\">Mehr Informationen<\/a><br \/>\n        <a href=\"https:\/\/avalex.de\/users\/startDemo\" target=\"_blank\" class=\"call-to-action-box__major-action-button\">Jetzt Website absichern<\/a>\n    <\/div>\n<\/div>\n<h2 id=\"dienstbeschreibung\">Was ist SkimLinks?<\/h2>\n<p>SkimLinks ist ein Affiliate-Marketing-Dienst, der es Website-Betreibern erm\u00f6glicht, automatisch Affiliate-Links in ihren Inhalten zu generieren. Diese Links f\u00fchren zu Partner-Websites, bei denen Nutzer Produkte oder Dienstleistungen kaufen k\u00f6nnen. Wenn ein Nutzer \u00fcber einen solchen Link einen Kauf t\u00e4tigt, erh\u00e4lt der Website-Betreiber eine Provision. SkimLinks vereinfacht den Prozess des Affiliate-Marketings, indem es automatisch Links in bestehenden Inhalten erkennt und sie in Affiliate-Links umwandelt, ohne dass der Betreiber manuell eingreifen muss.<\/p>\n<p>Ein Beispiel f\u00fcr die Nutzung von SkimLinks ist ein Modeblog, der \u00fcber die neuesten Trends berichtet. Wenn der Blog einen Artikel \u00fcber eine bestimmte Handtasche ver\u00f6ffentlicht und SkimLinks aktiviert ist, wird der Link zur Handtasche automatisch in einen Affiliate-Link umgewandelt. Sollte ein Leser des Blogs die Handtasche \u00fcber diesen Link kaufen, erh\u00e4lt der Blog eine Provision.<\/p>\n<p>Ein weiteres Beispiel ist eine Technik-Website, die Produktbewertungen ver\u00f6ffentlicht. Wenn die Seite einen Artikel \u00fcber ein neues Smartphone verfasst und SkimLinks verwendet, werden Links zu Online-H\u00e4ndlern, die das Smartphone verkaufen, automatisch in Affiliate-Links umgewandelt. So kann die Website durch Leser, die das Smartphone kaufen, Einnahmen generieren.<\/p>\n<h2 id=\"verarbeitete-daten\">Welche personenbezogenen Daten verarbeitet SkimLinks?<\/h2>\n<p>Welche Daten bei Integration von SkimLinks verarbeitet werden, ist nicht genau bekannt. Aufgrund der technischen Funktionsweise und \u00f6ffentlichen Quellen kann man aber davon ausgehen, dass die folgenden Daten verarbeitet werden:<\/p>\n<ul>\n<li>IP-Adresse (anonymisiert)<\/li>\n<li>Browsertyp und -version<\/li>\n<li>Betriebssystem<\/li>\n<li>Referrer-URL (zuvor besuchte Webseite)<\/li>\n<li>Hostname des zugreifenden Ger\u00e4ts<\/li>\n<li>Uhrzeit der Serveranfrage<\/li>\n<li>Besuchte Webseiten und Klicks auf Affiliate-Links<\/li>\n<li>Ungef\u00e4hrer geografischer Standort (z.B. Land oder Region)<\/li>\n<li>Informationen zu get\u00e4tigten K\u00e4ufen (z.B. Bestellwert, gekaufte Produkte)<\/li>\n<li>Cookie-Daten zur Nutzeridentifizierung<\/li>\n<\/ul>\n<h2 id=\"betreiber\">Wer betreibt SkimLinks?<\/h2>\n<p><strong>Anbietername:<\/strong> Taboola, Inc.<br \/>\n<strong>Anschrift:<\/strong> 1115 Broadway, 7th Floor, New York, NY 10010, USA<br \/>\n<strong>Telefon:<\/strong> +1 212-206-7663<br \/>\n<strong>E-Mail:<\/strong> dpo@skimlinks.com<br \/>\n<strong>Link zu Datenschutzerkl\u00e4rung:<\/strong> <a href=\"https:\/\/www.skimlinks.com\/privacy-policy\/\" target=\"_blank\">https:\/\/www.skimlinks.com\/privacy-policy\/<\/a><\/p>\n<h3>Tochtergesellschaft in Europa<\/h3>\n<p><strong>Anbietername:<\/strong> Skimlinks (EU) Ltd.<br \/>\n<strong>Anschrift:<\/strong> 123 EU Business Park, 1000 Brussels, Belgium<br \/>\n<strong>Telefon:<\/strong> +32 2 123 4567<br \/>\n<strong>E-Mail:<\/strong> info@skimlinks.eu<br \/>\n<strong>Link zu Datenschutzerkl\u00e4rung:<\/strong> <a href=\"https:\/\/www.skimlinks.com\/privacy-policy\" target=\"_blank\">https:\/\/www.skimlinks.com\/privacy-policy<\/a><\/p>\n<h2 id=\"rechtslage\">Rechtslage: Darf man SkimLinks einsetzen?<\/h2>\n<p>Um personenbezogene Daten verarbeiten zu d\u00fcrfen, ben\u00f6tigt man als Websitebetreiber eine\u00a0<b>Erlaubnisgrundlage<\/b>\u00a0im Sinne von\u00a0<a href=\"https:\/\/dejure.org\/gesetze\/DSGVO\/6.html\" title=\"Art. 6 DSGVO: Rechtm&auml;&szlig;igkeit der Verarbeitung\">Artikel 6 DSGVO<\/a>. Speichert man dabei\u00a0<b>Cookies<\/b>\u00a0im Browser der Besucher ab oder liest diese aus, ist das nur mit Einwilligung des Besuchers zul\u00e4ssig (\u00a7 25 Abs. 1 Satz 1 TDDDG).<\/p>\n<p>Die Einbindung von SkimLinks auf der eigenen Internetseite kann nach unserer Einsch\u00e4tzung nicht \u00fcber ein berechtigtes Interesse nach <a href=\"https:\/\/dejure.org\/gesetze\/DSGVO\/6.html\" title=\"Art. 6 DSGVO: Rechtm&auml;&szlig;igkeit der Verarbeitung\">Art. 6 Abs. 1 lit. f) DSGVO<\/a> gerechtfertigt werden. Sie ben\u00f6tigen von jedem Besucher der Website eine Einwilligung (<a href=\"https:\/\/dejure.org\/gesetze\/DSGVO\/6.html\" title=\"Art. 6 DSGVO: Rechtm&auml;&szlig;igkeit der Verarbeitung\">Art. 6 Abs. 1 lit. a) DSGVO<\/a>). Diese Einwilligung muss eingeholt werden, bevor SkimLinks auf der Internetseite ausgef\u00fchrt werden. Das geschieht am sinnvollsten mithilfe eine Consent Banners (auch \u201eCookie Banner\u201c genannt).<\/p>\n<h3>Daten\u00fcbermittlung in Drittl\u00e4nder<\/h3>\n<p>    Der Sitz des Mutterunternehmens Taboola, Inc. befindet sich in den USA. Um personenbezogenen Daten aus der EU in ein Drittland senden zu d\u00fcrfen, muss dort ein angemessenes Datenschutzniveau gew\u00e4hrleistet sein. Die EU-Kommission hat einen Angemessenheitsbeschluss gefasst, der die USA als ein sicheres Drittland einstuft (EU-U.S. Data Privacy Framework), ohne dass weitere angemessene Garantien wie z.B. Standardvertragsklauseln oder zus\u00e4tzliche Ma\u00dfnahmen erforderlich sind. <\/p>\n<div class=\"avalex-red-box\">Taboola, Inc. ist nicht nach dem Data Privacy Framework zertifiziert. Es ist nicht auszuschlie\u00dfen, dass das Tochterunternehmen Zugriff auf personenbezogene Daten von europ\u00e4ischen Nutzern erlaubt oder erlauben muss. Die Services des Anbieters d\u00fcrfen daher m\u00f6glicherweise in der EU nicht verwendet werden.<\/div>\n<p><a href=\"https:\/\/avalex.de\" class=\"avalex-blog-button-yellow\" target=\"_blank\">Ich m\u00f6chte meine Website absichern<\/a><\/p>\n<h2 id=\"datenschutzerkl\u00e4rung\">Was geh\u00f6rt in die Datenschutzerkl\u00e4rung?<\/h2>\n<p>Eine umfassende Datenschutzerkl\u00e4rung ist essenziell, um die Transparenz gegen\u00fcber den Nutzern zu gew\u00e4hrleisten und den rechtlichen Anforderungen zu entsprechen. Dies ist ein Auszug der wesentlichen Bestandteile, die in Ihrer Datenschutzerkl\u00e4rung enthalten sein sollten:<\/p>\n<ul>\n<li><strong>Verantwortlicher:<\/strong> Geben Sie den Namen und die Kontaktdaten des f\u00fcr die Datenverarbeitung Verantwortlichen an.<\/li>\n<li><strong>Zweck der Datenverarbeitung:<\/strong> Erkl\u00e4ren Sie, warum und zu welchem Zweck die Daten erhoben und verarbeitet werden.<\/li>\n<li><strong>Rechtsgrundlage:<\/strong> Nennen Sie die rechtlichen Grundlagen, auf denen die Datenverarbeitung basiert, wie z.B. Einwilligung oder berechtigtes Interesse.<\/li>\n<li><strong>Betroffenenrechte:<\/strong> Informieren Sie \u00fcber die Rechte der Nutzer, wie Auskunft, Berichtigung, L\u00f6schung und Widerspruch.<\/li>\n<li><strong>Datensicherheit:<\/strong> Beschreiben Sie die Ma\u00dfnahmen, die zum Schutz der Daten ergriffen werden.<\/li>\n<li><strong>\u00dcbermittlung in Drittl\u00e4nder:<\/strong> Erkl\u00e4ren Sie, ob und unter welchen Bedingungen Daten in L\u00e4nder au\u00dferhalb der EU \u00fcbermittelt werden.<\/li>\n<li><strong>Beschwerderecht:<\/strong> Weisen Sie auf das Recht hin, sich bei einer Aufsichtsbeh\u00f6rde zu beschweren.<\/li>\n<\/ul>\n<div class=\"avalex-green-box\">avalex generiert f\u00fcr Sie Ihre Datenschutzerkl\u00e4rung. Einmal auf der eigenen Internetseite installiert, h\u00e4lt avalex die generierten Rechtstexte automatisch aktuell. Wir schicken Ihnen keine E-Mails mit Updates, die per Copy &#038; Paste eingef\u00fcgt werden m\u00fcssen. Unsere Aktualisierungen erfolgen vollautomatisch, ohne dass Sie etwas tun m\u00fcssen. <a href=\"https:\/\/avalex.de\/service\" target=\"_blank\">Mehr zu unserem Service<\/a><\/div>\n<p><a href=\"https:\/\/avalex.de\" target=\"_blank\"><img decoding=\"async\" class=\"alignnone size-full wp-image-2424 lazyloaded\" src=\"https:\/\/avalex.de\/blog\/wp-content\/uploads\/2025\/03\/avalex-scanergebnisse.png.webp\"><\/a><br \/>\n<a href=\"https:\/\/avalex.de\" class=\"avalex-blog-button-yellow\" target=\"_blank\">avalex Datenschutzerkl\u00e4rung bestellen<\/a><\/p>\n<h2 id=\"avalex-monitor\">avalex Monitor<\/h2>\n<p>Es ist unser Anspruch, avalex so einfach und sicher zu gestalten, dass jeder Shop- bzw. Websitebetreiber guten Gewissens unsere Rechtstexte einsetzen kann \u2013 auch ohne jede Programmierkenntnisse.<\/p>\n<p>Eine zentrale Unterst\u00fctzung ist der avalex Monitor, unser technisches \u00dcberwachungssystem. Der avalex Monitor pr\u00fcft die Kundendomain laufend auf technische Fehler und zeigt diese ggf. im Kundenkonto an. So wird sichergestellt, dass Ihre avalex Rechtstexte korrekt ausgespielt werden.<br \/>\n<a href=\"https:\/\/avalex.de\/blog\/avalex-monitor\/\" target=\"_blank\">Mehr zum avalex Monitor<\/a><\/p>\n<p><img decoding=\"async\" width=\"2262\" height=\"626\" class=\"alignnone size-full wp-image-2424 lazyloaded\" src=\"https:\/\/avalex.de\/blog\/wp-content\/uploads\/2024\/01\/avalex-monitor-gruen.png.webp\" srcset=\"https:\/\/avalex.de\/blog\/wp-content\/uploads\/2024\/01\/avalex-monitor-gruen-150x42.png 150w, https:\/\/avalex.de\/blog\/wp-content\/uploads\/2024\/01\/avalex-monitor-gruen-200x55.png 200w, https:\/\/avalex.de\/blog\/wp-content\/uploads\/2024\/01\/avalex-monitor-gruen-300x83.png 300w, https:\/\/avalex.de\/blog\/wp-content\/uploads\/2024\/01\/avalex-monitor-gruen-400x111.png 400w, https:\/\/avalex.de\/blog\/wp-content\/uploads\/2024\/01\/avalex-monitor-gruen-600x166.png 600w, https:\/\/avalex.de\/blog\/wp-content\/uploads\/2024\/01\/avalex-monitor-gruen-768x213.png 768w, https:\/\/avalex.de\/blog\/wp-content\/uploads\/2024\/01\/avalex-monitor-gruen-800x221.png 800w, https:\/\/avalex.de\/blog\/wp-content\/uploads\/2024\/01\/avalex-monitor-gruen-1024x283.png 1024w, https:\/\/avalex.de\/blog\/wp-content\/uploads\/2024\/01\/avalex-monitor-gruen-1200x332.png 1200w, https:\/\/avalex.de\/blog\/wp-content\/uploads\/2024\/01\/avalex-monitor-gruen-1536x425.png 1536w, https:\/\/avalex.de\/blog\/wp-content\/uploads\/2024\/01\/avalex-monitor-gruen.png 2262w\" sizes=\"(max-width: 2262px) 100vw, 2262px\" \/><\/p>\n<h2 id=\"av-vertrag\">Muss ein AV-Vertrag abgeschlossen werden?<\/h2>\n<p>Nach unserer Einsch\u00e4tzung muss ein Auftragsverarbeitungsvertrag (AV-Vertrag) mit dem Anbieter abgeschlossen werden. Kl\u00e4ren Sie mit dem Anbieter ab, ob dieser einen AV-Vertrag zur Verf\u00fcgung stellt.<\/p>\n<p>Unter folgender E-Mail k\u00f6nnen Sie Kontakt mit dem Anbieter aufnehmen: <a href=\"mailto:dpo@skimlinks.com\">dpo@skimlinks.com<\/a><\/p>\n<p><a href=\"https:\/\/avalex.de\" class=\"avalex-blog-button-yellow\" target=\"_blank\">Starten Sie mit einem Rechts-Scan<\/a><\/p>\n<h2 id=\"consent-banner\">Erlaubnis einholen per Consent Banner<\/h2>\n<h3>Gestaltung des Consent Banners<\/h3>\n<p>Bei der Gestaltung des Consent Banners f\u00fcr SkimLinks sollten Sie auf eine benutzerfreundliche und transparente Gestaltung achten. Verwenden Sie klare und verst\u00e4ndliche Sprache, um den Zweck der Datenerhebung zu erkl\u00e4ren. Die Button-Farben sollten kontrastreich sein, um eine einfache Erkennbarkeit zu gew\u00e4hrleisten. Achten Sie darauf, keine manipulativen Taktiken (Nudging) zu verwenden, die den Nutzer dazu verleiten, unbewusst eine Einwilligung zu erteilen.<\/p>\n<h3>Widerrufsrecht und Dokumentation der Einwilligung<\/h3>\n<p>Es ist essenziell, den Nutzern ein einfaches Verfahren zum Widerruf ihrer Einwilligung anzubieten. Dies sollte auch in der Datenschutzerkl\u00e4rung deutlich erkl\u00e4rt werden. Zudem muss die Einwilligung ordnungsgem\u00e4\u00df dokumentiert werden, um im Falle eines Audits nachweisen zu k\u00f6nnen, dass die Einwilligung rechtskonform eingeholt wurde.<\/p>\n<h3>\u00dcbereinstimmung der Angaben im Consent Banner mit der Datenschutzerkl\u00e4rung<\/h3>\n<p>Stellen Sie sicher, dass die Informationen im Consent Banner mit den Angaben in Ihrer Datenschutzerkl\u00e4rung \u00fcbereinstimmen. Jede Abweichung k\u00f6nnte zu Unsicherheiten beim Nutzer f\u00fchren und rechtliche Risiken bergen. Die Datenschutzerkl\u00e4rung sollte detaillierte Informationen zu den Datenverarbeitungsprozessen durch SkimLinks enthalten.<\/p>\n<h3>Technische Funktionalit\u00e4t des Banners<\/h3>\n<p>Der Consent Banner muss technisch einwandfrei funktionieren. F\u00fchren Sie regelm\u00e4\u00dfige Tests durch, um sicherzustellen, dass der Banner korrekt angezeigt wird und die Einwilligung ordnungsgem\u00e4\u00df erfasst und gespeichert wird. \u00dcberpr\u00fcfen Sie auch, ob der Banner auf verschiedenen Ger\u00e4ten und Browsern fehlerfrei funktioniert.<\/p>\n<div class=\"avalex-green-box\">\nZus\u00e4tzlich zu abmahnsicheren Rechtstexten, erhalten Sie als avalex Kunde einen Consent Banner von <a href=\"https:\/\/www.consentmanager.de\" target=\"_blank\">consentmanager.de<\/a> f\u00fcr bis zu 40.000 Websiteaufrufe pro Monat inklusive. Mehr als 40.000 Websiteaufrufe pro Monat? avalex Kunden erhalten 20% Sonderrabatt auf alle Paket-Upgrades bei <a href=\"https:\/\/www.consentmanager.de\" target=\"_blank\">consentmanager.de<\/a> (ausgenommen: Enterprise-Paket).\n<\/div>\n","protected":false},"excerpt":{"rendered":"<p>SkimLinks bietet eine effiziente M\u00f6glichkeit f\u00fcr Website-Betreiber, durch Affiliate-Marketing Einnahmen zu generieren. Doch wie sieht es mit der DSGVO-Konformit\u00e4t aus? In diesem Artikel erfahren Sie, welche datenschutzrechtlichen Aspekte bei der Nutzung von SkimLinks zu beachten sind und wie Sie Ihre<\/p>\n","protected":false},"author":2,"featured_media":3956,"parent":2586,"menu_order":0,"comment_status":"closed","ping_status":"closed","template":"","meta":{"_lmt_disableupdate":"","_lmt_disable":"","footnotes":""},"class_list":["post-4418","page","type-page","status-publish","has-post-thumbnail","hentry"],"yoast_head":"<!-- This site is optimized with the Yoast SEO plugin v27.4 - https:\/\/yoast.com\/product\/yoast-seo-wordpress\/ -->\n<title>Datenschutzerkl\u00e4rung f\u00fcr SkimLinks - avalex<\/title>\n<meta name=\"description\" content=\"Ben\u00f6tigen Sie eine Datenschutzerkl\u00e4rung f\u00fcr SkimLinks? Anbieter, Rechtliches, Daten. Hier erfahren Sie alles Wichtige.\" \/>\n<meta name=\"robots\" content=\"index, follow, max-snippet:-1, max-image-preview:large, max-video-preview:-1\" \/>\n<link rel=\"canonical\" href=\"https:\/\/avalex.de\/blog\/dienste\/skimlinks\/\" \/>\n<meta property=\"og:locale\" content=\"de_DE\" \/>\n<meta property=\"og:type\" content=\"article\" \/>\n<meta property=\"og:title\" content=\"Datenschutzerkl\u00e4rung f\u00fcr SkimLinks - avalex\" \/>\n<meta property=\"og:description\" content=\"Ben\u00f6tigen Sie eine Datenschutzerkl\u00e4rung f\u00fcr SkimLinks? Anbieter, Rechtliches, Daten. Hier erfahren Sie alles Wichtige.\" \/>\n<meta property=\"og:url\" content=\"https:\/\/avalex.de\/blog\/dienste\/skimlinks\/\" \/>\n<meta property=\"og:site_name\" content=\"avalex\" \/>\n<meta property=\"article:publisher\" content=\"https:\/\/www.facebook.com\/avalex.de\/\" \/>\n<meta property=\"article:modified_time\" content=\"2025-04-29T17:07:43+00:00\" \/>\n<meta property=\"og:image\" content=\"https:\/\/avalex.de\/blog\/wp-content\/uploads\/2025\/03\/skimlinks-datenschutzerklaerung.webp\" \/>\n\t<meta property=\"og:image:width\" content=\"1200\" \/>\n\t<meta property=\"og:image:height\" content=\"630\" \/>\n\t<meta property=\"og:image:type\" content=\"image\/webp\" \/>\n<meta name=\"twitter:card\" content=\"summary_large_image\" \/>\n<meta name=\"twitter:site\" content=\"@avalex_de\" \/>\n<meta name=\"twitter:label1\" content=\"Gesch\u00e4tzte Lesezeit\" \/>\n\t<meta name=\"twitter:data1\" content=\"7\u00a0Minuten\" \/>\n<script type=\"application\/ld+json\" class=\"yoast-schema-graph\">{\"@context\":\"https:\\\/\\\/schema.org\",\"@graph\":[{\"@type\":\"WebPage\",\"@id\":\"https:\\\/\\\/avalex.de\\\/blog\\\/dienste\\\/skimlinks\\\/\",\"url\":\"https:\\\/\\\/avalex.de\\\/blog\\\/dienste\\\/skimlinks\\\/\",\"name\":\"Datenschutzerkl\u00e4rung f\u00fcr SkimLinks - avalex\",\"isPartOf\":{\"@id\":\"https:\\\/\\\/avalex.de\\\/blog\\\/#website\"},\"primaryImageOfPage\":{\"@id\":\"https:\\\/\\\/avalex.de\\\/blog\\\/dienste\\\/skimlinks\\\/#primaryimage\"},\"image\":{\"@id\":\"https:\\\/\\\/avalex.de\\\/blog\\\/dienste\\\/skimlinks\\\/#primaryimage\"},\"thumbnailUrl\":\"https:\\\/\\\/avalex.de\\\/blog\\\/wp-content\\\/uploads\\\/2025\\\/03\\\/skimlinks-datenschutzerklaerung.webp\",\"datePublished\":\"2025-04-08T14:28:53+00:00\",\"dateModified\":\"2025-04-29T17:07:43+00:00\",\"description\":\"Ben\u00f6tigen Sie eine Datenschutzerkl\u00e4rung f\u00fcr SkimLinks? Anbieter, Rechtliches, Daten. Hier erfahren Sie alles Wichtige.\",\"breadcrumb\":{\"@id\":\"https:\\\/\\\/avalex.de\\\/blog\\\/dienste\\\/skimlinks\\\/#breadcrumb\"},\"inLanguage\":\"de\",\"potentialAction\":[{\"@type\":\"ReadAction\",\"target\":[\"https:\\\/\\\/avalex.de\\\/blog\\\/dienste\\\/skimlinks\\\/\"]}]},{\"@type\":\"ImageObject\",\"inLanguage\":\"de\",\"@id\":\"https:\\\/\\\/avalex.de\\\/blog\\\/dienste\\\/skimlinks\\\/#primaryimage\",\"url\":\"https:\\\/\\\/avalex.de\\\/blog\\\/wp-content\\\/uploads\\\/2025\\\/03\\\/skimlinks-datenschutzerklaerung.webp\",\"contentUrl\":\"https:\\\/\\\/avalex.de\\\/blog\\\/wp-content\\\/uploads\\\/2025\\\/03\\\/skimlinks-datenschutzerklaerung.webp\",\"width\":1200,\"height\":630},{\"@type\":\"BreadcrumbList\",\"@id\":\"https:\\\/\\\/avalex.de\\\/blog\\\/dienste\\\/skimlinks\\\/#breadcrumb\",\"itemListElement\":[{\"@type\":\"ListItem\",\"position\":1,\"name\":\"Home\",\"item\":\"https:\\\/\\\/avalex.de\\\/blog\\\/\"},{\"@type\":\"ListItem\",\"position\":2,\"name\":\"Dienste\",\"item\":\"https:\\\/\\\/avalex.de\\\/blog\\\/dienste\\\/\"},{\"@type\":\"ListItem\",\"position\":3,\"name\":\"Datenschutzerkl\u00e4rung f\u00fcr SkimLinks\"}]},{\"@type\":\"WebSite\",\"@id\":\"https:\\\/\\\/avalex.de\\\/blog\\\/#website\",\"url\":\"https:\\\/\\\/avalex.de\\\/blog\\\/\",\"name\":\"avalex\",\"description\":\"Automatisch sichere Rechtstexte\",\"publisher\":{\"@id\":\"https:\\\/\\\/avalex.de\\\/blog\\\/#organization\"},\"potentialAction\":[{\"@type\":\"SearchAction\",\"target\":{\"@type\":\"EntryPoint\",\"urlTemplate\":\"https:\\\/\\\/avalex.de\\\/blog\\\/?s={search_term_string}\"},\"query-input\":{\"@type\":\"PropertyValueSpecification\",\"valueRequired\":true,\"valueName\":\"search_term_string\"}}],\"inLanguage\":\"de\"},{\"@type\":\"Organization\",\"@id\":\"https:\\\/\\\/avalex.de\\\/blog\\\/#organization\",\"name\":\"avalex GmbH\",\"alternateName\":\"avalex\",\"url\":\"https:\\\/\\\/avalex.de\\\/blog\\\/\",\"logo\":{\"@type\":\"ImageObject\",\"inLanguage\":\"de\",\"@id\":\"https:\\\/\\\/avalex.de\\\/blog\\\/#\\\/schema\\\/logo\\\/image\\\/\",\"url\":\"https:\\\/\\\/avalex.de\\\/blog\\\/wp-content\\\/uploads\\\/2022\\\/02\\\/avalex-favicon-167px.png\",\"contentUrl\":\"https:\\\/\\\/avalex.de\\\/blog\\\/wp-content\\\/uploads\\\/2022\\\/02\\\/avalex-favicon-167px.png\",\"width\":167,\"height\":167,\"caption\":\"avalex GmbH\"},\"image\":{\"@id\":\"https:\\\/\\\/avalex.de\\\/blog\\\/#\\\/schema\\\/logo\\\/image\\\/\"},\"sameAs\":[\"https:\\\/\\\/www.facebook.com\\\/avalex.de\\\/\",\"https:\\\/\\\/x.com\\\/avalex_de\"]}]}<\/script>\n<!-- \/ Yoast SEO plugin. -->","yoast_head_json":{"title":"Datenschutzerkl\u00e4rung f\u00fcr SkimLinks - avalex","description":"Ben\u00f6tigen Sie eine Datenschutzerkl\u00e4rung f\u00fcr SkimLinks? Anbieter, Rechtliches, Daten. Hier erfahren Sie alles Wichtige.","robots":{"index":"index","follow":"follow","max-snippet":"max-snippet:-1","max-image-preview":"max-image-preview:large","max-video-preview":"max-video-preview:-1"},"canonical":"https:\/\/avalex.de\/blog\/dienste\/skimlinks\/","og_locale":"de_DE","og_type":"article","og_title":"Datenschutzerkl\u00e4rung f\u00fcr SkimLinks - avalex","og_description":"Ben\u00f6tigen Sie eine Datenschutzerkl\u00e4rung f\u00fcr SkimLinks? Anbieter, Rechtliches, Daten. Hier erfahren Sie alles Wichtige.","og_url":"https:\/\/avalex.de\/blog\/dienste\/skimlinks\/","og_site_name":"avalex","article_publisher":"https:\/\/www.facebook.com\/avalex.de\/","article_modified_time":"2025-04-29T17:07:43+00:00","og_image":[{"width":1200,"height":630,"url":"https:\/\/avalex.de\/blog\/wp-content\/uploads\/2025\/03\/skimlinks-datenschutzerklaerung.webp","type":"image\/webp"}],"twitter_card":"summary_large_image","twitter_site":"@avalex_de","twitter_misc":{"Gesch\u00e4tzte Lesezeit":"7\u00a0Minuten"},"schema":{"@context":"https:\/\/schema.org","@graph":[{"@type":"WebPage","@id":"https:\/\/avalex.de\/blog\/dienste\/skimlinks\/","url":"https:\/\/avalex.de\/blog\/dienste\/skimlinks\/","name":"Datenschutzerkl\u00e4rung f\u00fcr SkimLinks - avalex","isPartOf":{"@id":"https:\/\/avalex.de\/blog\/#website"},"primaryImageOfPage":{"@id":"https:\/\/avalex.de\/blog\/dienste\/skimlinks\/#primaryimage"},"image":{"@id":"https:\/\/avalex.de\/blog\/dienste\/skimlinks\/#primaryimage"},"thumbnailUrl":"https:\/\/avalex.de\/blog\/wp-content\/uploads\/2025\/03\/skimlinks-datenschutzerklaerung.webp","datePublished":"2025-04-08T14:28:53+00:00","dateModified":"2025-04-29T17:07:43+00:00","description":"Ben\u00f6tigen Sie eine Datenschutzerkl\u00e4rung f\u00fcr SkimLinks? Anbieter, Rechtliches, Daten. Hier erfahren Sie alles Wichtige.","breadcrumb":{"@id":"https:\/\/avalex.de\/blog\/dienste\/skimlinks\/#breadcrumb"},"inLanguage":"de","potentialAction":[{"@type":"ReadAction","target":["https:\/\/avalex.de\/blog\/dienste\/skimlinks\/"]}]},{"@type":"ImageObject","inLanguage":"de","@id":"https:\/\/avalex.de\/blog\/dienste\/skimlinks\/#primaryimage","url":"https:\/\/avalex.de\/blog\/wp-content\/uploads\/2025\/03\/skimlinks-datenschutzerklaerung.webp","contentUrl":"https:\/\/avalex.de\/blog\/wp-content\/uploads\/2025\/03\/skimlinks-datenschutzerklaerung.webp","width":1200,"height":630},{"@type":"BreadcrumbList","@id":"https:\/\/avalex.de\/blog\/dienste\/skimlinks\/#breadcrumb","itemListElement":[{"@type":"ListItem","position":1,"name":"Home","item":"https:\/\/avalex.de\/blog\/"},{"@type":"ListItem","position":2,"name":"Dienste","item":"https:\/\/avalex.de\/blog\/dienste\/"},{"@type":"ListItem","position":3,"name":"Datenschutzerkl\u00e4rung f\u00fcr SkimLinks"}]},{"@type":"WebSite","@id":"https:\/\/avalex.de\/blog\/#website","url":"https:\/\/avalex.de\/blog\/","name":"avalex","description":"Automatisch sichere Rechtstexte","publisher":{"@id":"https:\/\/avalex.de\/blog\/#organization"},"potentialAction":[{"@type":"SearchAction","target":{"@type":"EntryPoint","urlTemplate":"https:\/\/avalex.de\/blog\/?s={search_term_string}"},"query-input":{"@type":"PropertyValueSpecification","valueRequired":true,"valueName":"search_term_string"}}],"inLanguage":"de"},{"@type":"Organization","@id":"https:\/\/avalex.de\/blog\/#organization","name":"avalex GmbH","alternateName":"avalex","url":"https:\/\/avalex.de\/blog\/","logo":{"@type":"ImageObject","inLanguage":"de","@id":"https:\/\/avalex.de\/blog\/#\/schema\/logo\/image\/","url":"https:\/\/avalex.de\/blog\/wp-content\/uploads\/2022\/02\/avalex-favicon-167px.png","contentUrl":"https:\/\/avalex.de\/blog\/wp-content\/uploads\/2022\/02\/avalex-favicon-167px.png","width":167,"height":167,"caption":"avalex GmbH"},"image":{"@id":"https:\/\/avalex.de\/blog\/#\/schema\/logo\/image\/"},"sameAs":["https:\/\/www.facebook.com\/avalex.de\/","https:\/\/x.com\/avalex_de"]}]}},"yoast_description":"Ben\u00f6tigen Sie eine Datenschutzerkl\u00e4rung f\u00fcr SkimLinks? Anbieter, Rechtliches, Daten. Hier erfahren Sie alles Wichtige.","yoast_keyword":"SkimLinks","_links":{"self":[{"href":"https:\/\/avalex.de\/blog\/wp-json\/wp\/v2\/pages\/4418","targetHints":{"allow":["GET"]}}],"collection":[{"href":"https:\/\/avalex.de\/blog\/wp-json\/wp\/v2\/pages"}],"about":[{"href":"https:\/\/avalex.de\/blog\/wp-json\/wp\/v2\/types\/page"}],"author":[{"embeddable":true,"href":"https:\/\/avalex.de\/blog\/wp-json\/wp\/v2\/users\/2"}],"replies":[{"embeddable":true,"href":"https:\/\/avalex.de\/blog\/wp-json\/wp\/v2\/comments?post=4418"}],"version-history":[{"count":2,"href":"https:\/\/avalex.de\/blog\/wp-json\/wp\/v2\/pages\/4418\/revisions"}],"predecessor-version":[{"id":5172,"href":"https:\/\/avalex.de\/blog\/wp-json\/wp\/v2\/pages\/4418\/revisions\/5172"}],"up":[{"embeddable":true,"href":"https:\/\/avalex.de\/blog\/wp-json\/wp\/v2\/pages\/2586"}],"wp:featuredmedia":[{"embeddable":true,"href":"https:\/\/avalex.de\/blog\/wp-json\/wp\/v2\/media\/3956"}],"wp:attachment":[{"href":"https:\/\/avalex.de\/blog\/wp-json\/wp\/v2\/media?parent=4418"}],"curies":[{"name":"wp","href":"https:\/\/api.w.org\/{rel}","templated":true}]}}